{"id":5030,"date":"2016-10-21T08:41:48","date_gmt":"2016-10-21T08:41:48","guid":{"rendered":"http:\/\/www.visitrosiamontana.com\/about\/"},"modified":"2019-08-21T17:50:39","modified_gmt":"2019-08-21T17:50:39","slug":"about","status":"publish","type":"page","link":"https:\/\/www.visitrosiamontana.com\/ro\/despre\/","title":{"rendered":"Despre Ro\u0219ia Montan\u0103"},"content":{"rendered":"<div class=\"one withsmallpadding \" >\n<div class=\"page_content_wrapper\">\n<div style=\"text-align:center\">\n<h2 class=\"ppb_title\">De ce s\u0103 vizitezi Ro\u0219ia Montan\u0103?<\/h2>\n<div class=\"page_caption_desc\">Scroll \u00een jos pentru a descoperi mai multe.<\/div>\n<\/div>\n<p><a href=\"#history\" rel=\"m_PageScroll2id\" style=\"font-size:22px;\"><img decoding=\"async\" src=\"http:\/\/www.visitrosiamontana.com\/wp-content\/uploads\/2016\/10\/1.png\"> \u00a0 Istorie <\/img><\/a><br \/>\n<a href=\"#heritage\" rel=\"m_PageScroll2id\" style=\"font-size:22px; font-color:#000000;\"><img decoding=\"async\" src=\"http:\/\/www.visitrosiamontana.com\/wp-content\/uploads\/2016\/10\/2.png\"> \u00a0 Patrimoniu Cultural <\/img><\/a><br \/>\n<a href=\"#landscape\" rel=\"m_PageScroll2id\" style=\"font-size:22px; font-color:#000000;\"><img decoding=\"async\" src=\"http:\/\/www.visitrosiamontana.com\/wp-content\/uploads\/2016\/10\/3.png\"> \u00a0 Peisaj Cultural Minier <\/img><\/a><br \/>\n<a href=\"#lakesandtarns\" rel=\"m_PageScroll2id\" style=\"font-size:22px; font-color:#000000;\"><img decoding=\"async\" src=\"http:\/\/www.visitrosiamontana.com\/wp-content\/uploads\/2016\/10\/4.png\"> \u00a0 Lacuri (t\u0103uri) <\/img><\/a><br \/>\n<a href=\"#naturalmonuments\" rel=\"m_PageScroll2id\" style=\"font-size:22px; font-color:#000000;\"><img decoding=\"async\" src=\"http:\/\/www.visitrosiamontana.com\/wp-content\/uploads\/2016\/10\/6.png\"> \u00a0 Monumente Naturale <\/img><\/a><br \/>\n<a href=\"#churches\" rel=\"m_PageScroll2id\" style=\"font-size:22px; font-color:#000000;\"><img decoding=\"async\" src=\"http:\/\/www.visitrosiamontana.com\/wp-content\/uploads\/2016\/10\/6.png\"> \u00a0 Biserici <\/img><\/a><br \/>\n<a href=\"#waxtablets\" rel=\"m_PageScroll2id\" style=\"font-size:22px; font-color:#000000;\"><img decoding=\"async\" src=\"http:\/\/www.visitrosiamontana.com\/wp-content\/uploads\/2016\/10\/7.png\"> \u00a0 Faimoasele T\u0103bli\u021be Cerate <\/img><\/a><br \/>\n<a href=\"#biodiversity\" rel=\"m_PageScroll2id\" style=\"font-size:22px; font-color:#000000;\"><img decoding=\"async\" src=\"http:\/\/www.visitrosiamontana.com\/wp-content\/uploads\/2016\/10\/8.png\"> \u00a0 Biodiversitate <\/img><\/a><br \/>\n<a href=\"#filmsfolklegends\" rel=\"m_PageScroll2id\" style=\"font-size:22px; font-color:#000000;\"><img decoding=\"async\" src=\"http:\/\/www.visitrosiamontana.com\/wp-content\/uploads\/2016\/10\/9.png\"> \u00a0 Filme, legende \u0219i credin\u021be populare <\/img><\/a><br \/>\n<a href=\"#hikingcyclingactivities\" rel=\"m_PageScroll2id\" style=\"font-size:22px; font-color:#000000;\"><img decoding=\"async\" src=\"http:\/\/www.visitrosiamontana.com\/wp-content\/uploads\/2016\/10\/10.png\"> \u00a0 Drume\u021bie, ciclism \u0219i diverse activit\u0103\u021bi <\/img><\/a><\/p>\n<\/div>\n<\/div>\n<div class=\"one withsmallpadding withbg \" style=\"background-image:url(http:\/\/www.visitrosiamontana.com\/wp-content\/uploads\/2016\/10\/why-to-come-and-visit-rosia-montana.jpg);background-size:cover;height:700px;\" >\n<div class=\"page_content_wrapper\"><\/div>\n<\/div>\n<div class=\"one withsmallpadding \" >\n<div class=\"page_content_wrapper\">\n<div style=\"text-align:center\">\n<h2 class=\"ppb_title\">Istorie<\/h2>\n<div class=\"page_caption_desc\"><\/div>\n<\/div>\n<div id=\"history\" style=\"text-align:center\">Istoria de dou\u0103 mii de ani \u0219i galeriile miniere extraordinare, p\u0103strate de-alungul secolelor, spun povestea continu\u0103 a timpurilor dacice, romane, medievale \u0219i moderne.\n <\/div>\n<\/div>\n<\/div>\n<div class=\"one withsmallpadding withbg \" style=\"background-image:url(http:\/\/www.visitrosiamontana.com\/wp-content\/uploads\/2016\/10\/history-Rosia-Montana.jpg);background-size:cover;height:1000px;\" >\n<div class=\"page_content_wrapper\"><\/div>\n<\/div>\n<div class=\"one withsmallpadding \" >\n<div class=\"page_content_wrapper\">\n<div style=\"text-align:center\">\n<h2 class=\"ppb_title\">Patrimoniu Cultural<\/h2>\n<div class=\"page_caption_desc\"><\/div>\n<\/div>\n<div id=\"heritage\" style=\"text-align:center\">Ro\u015fia Montan\u0103 este spa\u0163iul rural cu cea mai bogat\u0103 mo\u015ftenire din Rom\u00e2nia, av\u00e2nd un patrimoniu ce cuprinde 53 de monumente declarate oficial \u015fi alte zeci recunoscute de exper\u0163i dar neclasate \u00eenc\u0103. Un tezaur al patrimoniului universal, un loc ce poate deveni o destina\u0163ie turistic\u0103 unic\u0103, o carte de vizit\u0103 a poporului rom\u00e2n.<\/div>\n<\/div>\n<\/div>\n<div class=\"one withsmallpadding withbg fullwidth \" style=\"background-image:url(http:\/\/www.visitrosiamontana.com\/wp-content\/uploads\/2016\/10\/cultural-heritage.jpg);background-size:cover;height:1000px;\" >\n<div class=\"page_content_wrapper\"><\/div>\n<\/div>\n<div class=\"one withsmallpadding \" >\n<div class=\"page_content_wrapper\">\n<div style=\"text-align:center\">\n<h2 class=\"ppb_title\">Peisaj Cultural Minier<\/h2>\n<div class=\"page_caption_desc\"><\/div>\n<\/div>\n<div id=\"#landscape\" style=\"text-align:center\">Ro\u0219ia Montan\u0103 are, de asemenea, o frumuse\u021be natural\u0103 \u0219i o tradi\u021bie vie, care se afl\u0103 \u00een armonie cu peisajul \u0219i \u00een sufletele \u0219i min\u021bile locuitorilor din zon\u0103.<br \/>\n<\/h1>\n<\/div>\n<\/div>\n<\/div>\n<div class=\"one withsmallpadding withbg \" style=\"background-image:url(http:\/\/www.visitrosiamontana.com\/wp-content\/uploads\/2016\/10\/Mining-Cultural-Landscape100px.jpg);background-size:cover;height:1000px;\" >\n<div class=\"page_content_wrapper\"><\/div>\n<\/div>\n<div class=\"one withsmallpadding \" >\n<div class=\"page_content_wrapper\">\n<div style=\"text-align:center\">\n<h2 class=\"ppb_title\">Lacuri-T\u0103uri<\/h2>\n<div class=\"page_caption_desc\"><\/div>\n<\/div>\n<div id=\"lakesnadtarns\" style=\"text-align:center\">Munca pentru extrac\u021bia aurului \u0219i-a pus amprenta \u0219i asupra peisajului, form\u00e2ndu-se \u00een timp locuri pitore\u0219ti prin amenajarea unor lacuri (t\u0103uri) \u0219i st\u0103vilare menite s\u0103 asigure apa indispensabil\u0103 prelucr\u0103rii minereului aurifer.\n<\/div>\n<\/div>\n<\/div>\n<div class=\"one withsmallpadding withbg \" style=\"background-image:url(http:\/\/www.visitrosiamontana.com\/wp-content\/uploads\/2015\/06\/Taul-Tarina.jpg);background-size:cover;height:1000px;\" >\n<div class=\"page_content_wrapper\"><\/div>\n<\/div>\n<div class=\"one withsmallpadding \" >\n<div class=\"page_content_wrapper\">\n<div style=\"text-align:center\">\n<h2 class=\"ppb_title\">Monumente Naturale<\/h2>\n<div class=\"page_caption_desc\"><\/div>\n<\/div>\n<div id=\"naturalmonuments\" style=\"text-align:center\">\u00cen Ro\u0219ia Montan\u0103 \u0219i \u00een vecin\u0103tatea ei se g\u0103sesc mai multe situri geologice interesante, care au fost stabilite ca &#8220;monumente naturale\u201d; Printre care se num\u0103r\u0103 Piatra Despicat\u0103, Piatra Corbului, Detunata Goal\u0103 \u0219i Detunata Flocoas\u0103.\n<\/div>\n<\/div>\n<\/div>\n<div class=\"one withsmallpadding withbg \" style=\"background-image:url(http:\/\/www.visitrosiamontana.com\/wp-content\/uploads\/2016\/10\/Monumente-Naturale.jpg);background-size:cover;height:1000px;\" >\n<div class=\"page_content_wrapper\"><\/div>\n<\/div>\n<div class=\"one withsmallpadding \" >\n<div class=\"page_content_wrapper\">\n<div style=\"text-align:center\">\n<h2 class=\"ppb_title\">Biserici<\/h2>\n<div class=\"page_caption_desc\"><\/div>\n<\/div>\n<div id=\"churches\" style=\"text-align:center\">\u00cen timpul Imperiului Habsburgic a ap\u0103rut o societate cosmopolit\u0103, tolerant\u0103 \u015fi cu un pronun\u0163at spirit european. Dovada material\u0103 o reprezint\u0103 ast\u0103zi influen\u0163ele din arhitectura laic\u0103 \u015fi mai ales bisericile apar\u0163in\u00e2nd nu numai cultelor ortodox \u015fi greco-catolic, ci \u015fi cultelor romano-catolic, unitarian \u015fi calvin.<\/div>\n<\/div>\n<\/div>\n<div class=\"one withsmallpadding withbg \" style=\"background-image:url(http:\/\/www.visitrosiamontana.com\/wp-content\/uploads\/2016\/10\/Churches-Visit-Rosia-Montana.jpg);background-size:cover;height:1000px;\" >\n<div class=\"page_content_wrapper\"><\/div>\n<\/div>\n<div class=\"one withsmallpadding \" >\n<div class=\"page_content_wrapper\">\n<div style=\"text-align:center\">\n<h2 class=\"ppb_title\">Faimoasele T\u0103bli\u021be Cerate<\/h2>\n<div class=\"page_caption_desc\"><\/div>\n<\/div>\n<div id=\"waxtablets\" style=\"text-align:center\">Ro\u0219ia Montan\u0103 \u00ee\u0219i datoreaz\u0103 faima \u00een lumea \u0219tiin\u021bific\u0103 interna\u021bional\u0103 pentru cele 50 de t\u0103bli\u021be de cear\u0103 descoperite \u00een galeriile romane, din care doar 25 au supravie\u021buit. Aceste t\u0103bli\u021be includ contracte de v\u00e2nzare, \u00eemprumuturi \u0219i protocoale pentru unele colegii. Ele sunt considerate una dintre sursele de baz\u0103 ale legii romane, care este una dintre cele mai importante mo\u0219teniri l\u0103sate de Roma \u00een lumea modern\u0103.<\/div>\n<\/div>\n<\/div>\n<div class=\"one withsmallpadding withbg \" style=\"background-image:url(http:\/\/www.visitrosiamontana.com\/wp-content\/uploads\/2016\/10\/Tablite-Cerate-Rosia-Montana.jpg);background-size:cover;height:1000px;\" >\n<div class=\"page_content_wrapper\"><\/div>\n<\/div>\n<div class=\"one withsmallpadding \" >\n<div class=\"page_content_wrapper\">\n<div style=\"text-align:center\">\n<h2 class=\"ppb_title\">Biodiversitate<\/h2>\n<div class=\"page_caption_desc\"><\/div>\n<\/div>\n<div id=\"biodiversity\" style=\"text-align:center\"> Pozi\u021bia geografic\u0103, geologia, mineralogia, clima, solul \u0219i factorii hidrografici, \u00eempreun\u0103 cu interven\u021bii antropice prelungite au dat na\u0219tere unui teritoriu specific, cu un habitat a c\u0103rui diversitate botanic\u0103 este remarcabil\u0103.<\/div>\n<\/div>\n<\/div>\n<div class=\"one withsmallpadding withbg \" style=\"background-image:url(http:\/\/www.visitrosiamontana.com\/wp-content\/uploads\/2014\/10\/Plante-medicinale-Rosia-Montana.jpg);background-size:cover;height:1000px;\" >\n<div class=\"page_content_wrapper\"><\/div>\n<\/div>\n<div class=\"one withsmallpadding \" >\n<div class=\"page_content_wrapper\">\n<div style=\"text-align:center\">\n<h2 class=\"ppb_title\">Filme, legende \u0219i credin\u021be populare<\/h2>\n<div class=\"page_caption_desc\"><\/div>\n<\/div>\n<div id=\"filmsfolklegends\" style=\"text-align:center\"> \u00cen jurul localit\u0103\u0163ii miniere Ro\u015fia Montan\u0103 stau \u0163esute variate legende. Despre localnici se spune c\u0103 \u015fi-ar fi construit case dup\u0103 model german, cu peretele \u00een drum, pentru a ascunde \u015fi mai bine bog\u0103\u0163iile \u015fi secretele \u2013 se spune c\u0103 sunt \u00eengropate comori chiar \u00een pere\u0163ii gro\u015fi ai caselor \u015fi c\u0103 numai prin d\u0103r\u00e2mare s-ar mai putea afla ce s-a ascuns acolo. Vorbe despre v\u00e2lvele minelor circul\u0103 \u015fi pe aici, la fel \u015fi cele despre morojni\u0163e \u2013 fiin\u0163e care ies \u00een lume dup\u0103 miezul nop\u0163ii, se dau de trei ori peste cap, se transform\u0103 \u00eentr-un animal care seam\u0103n\u0103 cu o veveri\u0163\u0103 \u015fi fur\u0103 laptele vacilor. O alt\u0103 legend\u0103 se leag\u0103 chiar de \u00eentemeierea localit\u0103\u0163ii \u015fi spune c\u0103 o femeie pe nume Cotroan\u0163a ar fi descoperit, prima dat\u0103, un bulg\u0103re de aur pe un deal numit Chernic, pe c\u00e2nd ie\u015fise cu caprele la p\u0103\u015funat.\n<\/div>\n<\/div>\n<\/div>\n<div class=\"one withsmallpadding withbg \" style=\"background-image:url(http:\/\/www.visitrosiamontana.com\/wp-content\/uploads\/2016\/10\/Legende.jpg);background-size:cover;height:1000px;\" >\n<div class=\"page_content_wrapper\"><\/div>\n<\/div>\n<div class=\"one withsmallpadding withbg \" style=\"background-image:url(http:\/\/www.visitrosiamontana.com\/wp-content\/uploads\/2019\/08\/Visit-Rosia-Montana-Activitati.jpg);background-size:cover;height:1000px;\" >\n<div class=\"page_content_wrapper\">\n<p><\/br><br \/>\n<\/br><br \/>\n<\/br><br \/>\n<\/br><br \/>\n<\/br><br \/>\n<\/br><\/p>\n<div style=\"text-align:center\">\n<h2 class=\"ppb_title\">Drume\u021bie, ciclism \u0219i activit\u0103\u021bi<\/h2>\n<div class=\"page_caption_desc\"><\/div>\n<\/div>\n<div id=\"hikingcyclingactivities\" style=\"text-align:center\">Vino \u0219i tu s\u0103 vezi de ce e Ro\u0219ia Montan\u0103 at\u00e2t de iubit\u0103 \u0219i renumit\u0103. Alege experien\u021be faine \u0219i autentice, pe care s\u0103 le tr\u0103ie\u0219ti al\u0103turi de familie, prieteni \u0219i oamenii din Ro\u0219ia Montan\u0103!<br \/>\n<\/br><br \/>\n<a class=\"button small \" style=\"background-color:#f4ae40 !important;color:#ffffff !important;border:1px solid #f4ae40 !important;\" onclick=\"window.open('http:\/\/www.visitrosiamontana.com\/ro\/inchiriaza-ghid-local\/', '_self')\">\u00cenchiriaz\u0103 ghid local<\/a>\n<\/div>\n<\/div>\n<\/div>\n","protected":false},"excerpt":{"rendered":"<p>De ce s\u0103 vizitezi Ro\u0219ia Montan\u0103? Scroll \u00een jos pentru a descoperi mai multe. \u00a0 Istorie \u00a0 Patrimoniu Cultural \u00a0 Peisaj Cultural Minier \u00a0 Lacuri (t\u0103uri) \u00a0 Monumente Naturale \u00a0 Biserici \u00a0 Faimoasele T\u0103bli\u021be Cerate \u00a0 Biodiversitate \u00a0 Filme, legende \u0219i credin\u021be populare \u00a0 Drume\u021bie, ciclism [&hellip;]<\/p>\n","protected":false},"author":1,"featured_media":4525,"parent":0,"menu_order":0,"comment_status":"open","ping_status":"closed","template":"page-destination.php","meta":{"give_campaign_id":0,"footnotes":""},"class_list":["post-5030","page","type-page","status-publish","has-post-thumbnail","hentry"],"campaignId":"","_links":{"self":[{"href":"https:\/\/www.visitrosiamontana.com\/ro\/wp-json\/wp\/v2\/pages\/5030","targetHints":{"allow":["GET"]}}],"collection":[{"href":"https:\/\/www.visitrosiamontana.com\/ro\/wp-json\/wp\/v2\/pages"}],"about":[{"href":"https:\/\/www.visitrosiamontana.com\/ro\/wp-json\/wp\/v2\/types\/page"}],"author":[{"embeddable":true,"href":"https:\/\/www.visitrosiamontana.com\/ro\/wp-json\/wp\/v2\/users\/1"}],"replies":[{"embeddable":true,"href":"https:\/\/www.visitrosiamontana.com\/ro\/wp-json\/wp\/v2\/comments?post=5030"}],"version-history":[{"count":23,"href":"https:\/\/www.visitrosiamontana.com\/ro\/wp-json\/wp\/v2\/pages\/5030\/revisions"}],"predecessor-version":[{"id":5668,"href":"https:\/\/www.visitrosiamontana.com\/ro\/wp-json\/wp\/v2\/pages\/5030\/revisions\/5668"}],"wp:featuredmedia":[{"embeddable":true,"href":"https:\/\/www.visitrosiamontana.com\/ro\/wp-json\/wp\/v2\/media\/4525"}],"wp:attachment":[{"href":"https:\/\/www.visitrosiamontana.com\/ro\/wp-json\/wp\/v2\/media?parent=5030"}],"curies":[{"name":"wp","href":"https:\/\/api.w.org\/{rel}","templated":true}]}}