{"id":5198,"date":"2017-08-18T16:10:20","date_gmt":"2017-08-18T16:10:20","guid":{"rendered":"http:\/\/www.visitrosiamontana.com\/?page_id=5198"},"modified":"2023-07-07T19:21:16","modified_gmt":"2023-07-07T19:21:16","slug":"homepage","status":"publish","type":"page","link":"https:\/\/www.visitrosiamontana.com\/ro\/","title":{"rendered":"Homepage Ro"},"content":{"rendered":"<div class=\"one withsmallpadding \" style=\"background:whitesmoke;\" >\n<div class=\"page_content_wrapper\" style=\"text-align:center\">\n<h2 class=\"ppb_title\">Ce spun turi\u0219tii<\/h2>\n<p><\/p>\n<div class=\"testimonial_slider_wrapper\">\n<div class=\"flexslider\" data-height=\"750\">\n<ul class=\"slides\">\n<li>\n<div class=\"testimonial_slider_wrapper\">Your determination, courage, and spirit are an inspiration to communities around the world being threatened by corporate mining interests, we will tell your story far and wide but especially in the Unitarian Churches in the U.S. and Canada. We will explore other ways that we can support your struggle to preserve the life and heritage of Ro\u0219ia Montan\u0103. Thank you for your hospitality.<\/p>\n<div class=\"testimonial_slider_meta\">\n<h6>Charles Clements<\/h6>\n<div class=\"testimonial_slider_meta_position\">President<\/div>\n<p>&#8211;<\/p>\n<div class=\"testimonial_slider_meta_company\">Unitarian Universalist Committee<\/div>\n<\/div>\n<\/div>\n<\/li>\n<li>\n<div class=\"testimonial_slider_wrapper\">I hope that Ro\u0219ia Montan\u0103 continues to fight the proposed developments, remains a place of natural beauty and history for many future years. Ro\u0219ia Montan\u0103 is a beautiful, hospitable and unique place.<\/p>\n<div class=\"testimonial_slider_meta\">\n<h6>Mandi Keighran<\/h6>\n<div class=\"testimonial_slider_meta_position\">Sydney<\/div>\n<p>&#8211;<\/p>\n<div class=\"testimonial_slider_meta_company\">Australia<\/div>\n<\/div>\n<\/div>\n<\/li>\n<li>\n<div class=\"testimonial_slider_wrapper\">Dup\u0103 aproape o s\u0103pt\u0103m\u00e2n\u0103 petrecut\u0103 la Ro\u0219ia Montan\u0103 \u00eempreun\u0103 cu localnici, studen\u021bi rom\u00e2ni \u0219i str\u0103ini (organiz\u00e2nd un curs de restaurare \u00een comun\u0103) sunt convins\u0103 c\u0103 Ro\u0219ia Montan\u0103 are un viitor s\u0103n\u0103tos \u0219i prosper. Exist\u0103 at\u00e2tea cl\u0103diri armonioase \u0219i de valoare, care \u00eempreun\u0103 cu mo\u0219tenirea din perioada roman\u0103, sunt cheia succesului la Ro\u0219ia Montan\u0103.<\/p>\n<div class=\"testimonial_slider_meta\">\n<h6>Aura Neag<\/h6>\n<div class=\"testimonial_slider_meta_position\">Romania<\/div>\n<\/div>\n<\/div>\n<\/li>\n<li>\n<div class=\"testimonial_slider_wrapper\">Ro\u0219ia Montan\u0103 este un col\u021b de rai. Oamenii de aici au t\u0103ria st\u00e2ncilor din jur \u0219i inima de aur. Str\u0103muta\u021bi \u00een alt loc \u00ee\u0219i pot pierde identitatea. Sunt al\u0103turi cu g\u00e2ndul, cu inima pentru p\u0103strarea acestui tezaur rom\u00e2nesc \u0219i spun NU tuturor celor care vor s\u0103 fac\u0103 din frumoasa gr\u0103din\u0103 a Ro\u0219iei un de\u0219ert lipsit de via\u021b\u0103.<\/p>\n<div class=\"testimonial_slider_meta\">\n<h6>prof. Valerica Boicu<\/h6>\n<div class=\"testimonial_slider_meta_position\">Suceava<\/div>\n<\/div>\n<\/div>\n<\/li>\n<li>\n<div class=\"testimonial_slider_wrapper\">Auch wir waren hier an diesem interessanten Ort und haben auch die wundersch\u00f6ne landschaft bewundert.<\/p>\n<div class=\"testimonial_slider_meta\">\n<h6>Regina &#038; Ernst<\/h6>\n<div class=\"testimonial_slider_meta_position\">Wien<\/div>\n<p>&#8211;<\/p>\n<div class=\"testimonial_slider_meta_company\">Austria<\/div>\n<\/div>\n<\/div>\n<\/li>\n<li>\n<div class=\"testimonial_slider_wrapper\">Ro\u0219ia Montan\u0103 I hope you win the battle. I will return.<\/p>\n<div class=\"testimonial_slider_meta\">\n<h6>Henry Rumbold<\/h6>\n<div class=\"testimonial_slider_meta_position\">United Kingdom<\/div>\n<\/div>\n<\/div>\n<\/li>\n<\/ul>\n<\/div>\n<\/div>\n<\/div>\n<\/div>\n<div class=\"one withsmallpadding fullwidth \" style=\"background:#ffffff;\" >\n<div class=\"page_content_wrapper\">\n<div id=\"sb_instagram\"  class=\"sbi sbi_mob_col_1 sbi_tab_col_2 sbi_col_4 sbi_width_resp\" style=\"width: 100%;\" data-feedid=\"*1\"  data-res=\"auto\" data-cols=\"4\" data-colsmobile=\"1\" data-colstablet=\"2\" data-num=\"4\" data-nummobile=\"\" data-shortcode-atts=\"{}\"  data-postid=\"5198\" data-locatornonce=\"89c54fac77\" data-sbi-flags=\"favorLocal\">\n<div class=\"sb_instagram_header \"  style=\"padding-bottom: 0; margin-bottom: 10px;\"  >\n\t<a href=\"https:\/\/www.instagram.com\/visitrosiamontana\/\" target=\"_blank\" rel=\"nofollow noopener\" title=\"@visitrosiamontana\" class=\"sbi_header_link\"><\/p>\n<div class=\"sbi_header_text\">\n<h3>visitrosiamontana<\/h3>\n<p class=\"sbi_bio\">The golden destination, a land of magic.<\/p>\n<\/p><\/div>\n<div class=\"sbi_header_img\"  data-avatar-url=\"https:\/\/scontent.fotp3-2.fna.fbcdn.net\/v\/t51.2885-15\/25039588_195315424377381_1796526026109485056_n.jpg?_nc_cat=100&#038;ccb=1-7&#038;_nc_sid=86c713&#038;_nc_ohc=7YV52UtNh1EAX_o4lQd&#038;_nc_ht=scontent.fotp3-2.fna&#038;edm=AL-3X8kEAAAA&#038;oh=00_AfBTVGGiNRdMC3aCuxl3Y5MeCjsHa8pgeHxFynhZHWo27Q&#038;oe=636ECFE6\">\n<div class=\"sbi_header_img_hover\"  ><svg class=\"sbi_new_logo fa-instagram fa-w-14\" aria-hidden=\"true\" data-fa-processed=\"\" aria-label=\"Instagram\" data-prefix=\"fab\" data-icon=\"instagram\" role=\"img\" viewBox=\"0 0 448 512\">\n\t                <path fill=\"currentColor\" d=\"M224.1 141c-63.6 0-114.9 51.3-114.9 114.9s51.3 114.9 114.9 114.9S339 319.5 339 255.9 287.7 141 224.1 141zm0 189.6c-41.1 0-74.7-33.5-74.7-74.7s33.5-74.7 74.7-74.7 74.7 33.5 74.7 74.7-33.6 74.7-74.7 74.7zm146.4-194.3c0 14.9-12 26.8-26.8 26.8-14.9 0-26.8-12-26.8-26.8s12-26.8 26.8-26.8 26.8 12 26.8 26.8zm76.1 27.2c-1.7-35.9-9.9-67.7-36.2-93.9-26.2-26.2-58-34.4-93.9-36.2-37-2.1-147.9-2.1-184.9 0-35.8 1.7-67.6 9.9-93.9 36.1s-34.4 58-36.2 93.9c-2.1 37-2.1 147.9 0 184.9 1.7 35.9 9.9 67.7 36.2 93.9s58 34.4 93.9 36.2c37 2.1 147.9 2.1 184.9 0 35.9-1.7 67.7-9.9 93.9-36.2 26.2-26.2 34.4-58 36.2-93.9 2.1-37 2.1-147.8 0-184.8zM398.8 388c-7.8 19.6-22.9 34.7-42.6 42.6-29.5 11.7-99.5 9-132.1 9s-102.7 2.6-132.1-9c-19.6-7.8-34.7-22.9-42.6-42.6-11.7-29.5-9-99.5-9-132.1s-2.6-102.7 9-132.1c7.8-19.6 22.9-34.7 42.6-42.6 29.5-11.7 99.5-9 132.1-9s102.7-2.6 132.1 9c19.6 7.8 34.7 22.9 42.6 42.6 11.7 29.5 9 99.5 9 132.1s2.7 102.7-9 132.1z\"><\/path>\n\t            <\/svg><\/div>\n<p>\t\t\t\t\t<img loading=\"lazy\" decoding=\"async\"  src=\"https:\/\/www.visitrosiamontana.com\/wp-content\/uploads\/sb-instagram-feed-images\/visitrosiamontana.jpg\" alt=\"Visit Rosia Montana\" width=\"50\" height=\"50\">\n\t\t\t\t\t\t\t\t\t\t\t<\/div>\n<p>\t<\/a>\n<\/div>\n<div id=\"sbi_images\" >\n<div class=\"sbi_item sbi_type_video sbi_new sbi_transition\" id=\"sbi_17941614011083403\" data-date=\"1654080818\">\n<div class=\"sbi_photo_wrap\">\n        <a class=\"sbi_photo\" href=\"https:\/\/www.instagram.com\/tv\/CeQoM-0j2aC\/\" target=\"_blank\" rel=\"noopener nofollow\" data-full-res=\"https:\/\/scontent.cdninstagram.com\/v\/t51.29350-15\/285161892_433937545239202_3882452531551463186_n.jpg?_nc_cat=103&#038;ccb=1-7&#038;_nc_sid=8ae9d6&#038;_nc_ohc=YW3szTWoTIAAX_hnnQ9&#038;_nc_ht=scontent.cdninstagram.com&#038;edm=AM6HXa8EAAAA&#038;oh=00_AfAD3xalO8STlQCQjtbGvAjYpeycz0I_phFfgnPAFocQhQ&#038;oe=636F18F5\" data-img-src-set=\"{&quot;d&quot;:&quot;https:\/\/scontent.cdninstagram.com\/v\/t51.29350-15\/285161892_433937545239202_3882452531551463186_n.jpg?_nc_cat=103&amp;ccb=1-7&amp;_nc_sid=8ae9d6&amp;_nc_ohc=YW3szTWoTIAAX_hnnQ9&amp;_nc_ht=scontent.cdninstagram.com&amp;edm=AM6HXa8EAAAA&amp;oh=00_AfAD3xalO8STlQCQjtbGvAjYpeycz0I_phFfgnPAFocQhQ&amp;oe=636F18F5&quot;,&quot;150&quot;:&quot;https:\/\/scontent.cdninstagram.com\/v\/t51.29350-15\/285161892_433937545239202_3882452531551463186_n.jpg?_nc_cat=103&amp;ccb=1-7&amp;_nc_sid=8ae9d6&amp;_nc_ohc=YW3szTWoTIAAX_hnnQ9&amp;_nc_ht=scontent.cdninstagram.com&amp;edm=AM6HXa8EAAAA&amp;oh=00_AfAD3xalO8STlQCQjtbGvAjYpeycz0I_phFfgnPAFocQhQ&amp;oe=636F18F5&quot;,&quot;320&quot;:&quot;https:\/\/scontent.cdninstagram.com\/v\/t51.29350-15\/285161892_433937545239202_3882452531551463186_n.jpg?_nc_cat=103&amp;ccb=1-7&amp;_nc_sid=8ae9d6&amp;_nc_ohc=YW3szTWoTIAAX_hnnQ9&amp;_nc_ht=scontent.cdninstagram.com&amp;edm=AM6HXa8EAAAA&amp;oh=00_AfAD3xalO8STlQCQjtbGvAjYpeycz0I_phFfgnPAFocQhQ&amp;oe=636F18F5&quot;,&quot;640&quot;:&quot;https:\/\/scontent.cdninstagram.com\/v\/t51.29350-15\/285161892_433937545239202_3882452531551463186_n.jpg?_nc_cat=103&amp;ccb=1-7&amp;_nc_sid=8ae9d6&amp;_nc_ohc=YW3szTWoTIAAX_hnnQ9&amp;_nc_ht=scontent.cdninstagram.com&amp;edm=AM6HXa8EAAAA&amp;oh=00_AfAD3xalO8STlQCQjtbGvAjYpeycz0I_phFfgnPAFocQhQ&amp;oe=636F18F5&quot;}\"><br \/>\n            <span class=\"sbi-screenreader\">\u00cen Ro\u0219ia Montan\u0103 po\u021bi vizita galerii miniere r<\/span><br \/>\n            \t        <svg style=\"color: rgba(255,255,255,1)\" class=\"svg-inline--fa fa-play fa-w-14 sbi_playbtn\" aria-label=\"Play\" aria-hidden=\"true\" data-fa-processed=\"\" data-prefix=\"fa\" data-icon=\"play\" role=\"presentation\" xmlns=\"http:\/\/www.w3.org\/2000\/svg\" viewBox=\"0 0 448 512\"><path fill=\"currentColor\" d=\"M424.4 214.7L72.4 6.6C43.8-10.3 0 6.1 0 47.9V464c0 37.5 40.7 60.1 72.4 41.3l352-208c31.4-18.5 31.5-64.1 0-82.6z\"><\/path><\/svg>            <img decoding=\"async\" src=\"https:\/\/www.visitrosiamontana.com\/wp-content\/plugins\/instagram-feed\/img\/placeholder.png\" alt=\"\u00cen Ro\u0219ia Montan\u0103 po\u021bi vizita galerii miniere romane vechi de 2000 de ani, po\u021bi face o drume\u021bie cu un ghid local pentru a descoperi peisajul cultural minier \u0219i po\u021bi cump\u0103ra local articole vestimentare din l\u00e2n\u0103 merinos Made in Ro\u0219ia Montan\u0103.\n\nwww.madeinrosiamontana.com\n\n#visitrosiamontana #madeinrosiamontana #rosiamontana #unesco #worldheritagesite #merino #wool #knitwear #rentalocal\"><br \/>\n        <\/a>\n    <\/div>\n<\/div>\n<div class=\"sbi_item sbi_type_image sbi_new sbi_transition\" id=\"sbi_18150779758172743\" data-date=\"1634572371\">\n<div class=\"sbi_photo_wrap\">\n        <a class=\"sbi_photo\" href=\"https:\/\/www.instagram.com\/p\/CVLPnYzJ0NN\/\" target=\"_blank\" rel=\"noopener nofollow\" data-full-res=\"https:\/\/scontent.cdninstagram.com\/v\/t51.29350-15\/246056284_555237498900090_2247454627043081634_n.jpg?_nc_cat=103&#038;ccb=1-7&#038;_nc_sid=8ae9d6&#038;_nc_ohc=FJmNA23VMG4AX9sjCYq&#038;_nc_ht=scontent.cdninstagram.com&#038;edm=AM6HXa8EAAAA&#038;oh=00_AfBlKlqOXu8rCHDaJlGqSl5vfN-HMMI6atiF8MlWgtLh3g&#038;oe=636DE9B6\" data-img-src-set=\"{&quot;d&quot;:&quot;https:\/\/scontent.cdninstagram.com\/v\/t51.29350-15\/246056284_555237498900090_2247454627043081634_n.jpg?_nc_cat=103&amp;ccb=1-7&amp;_nc_sid=8ae9d6&amp;_nc_ohc=FJmNA23VMG4AX9sjCYq&amp;_nc_ht=scontent.cdninstagram.com&amp;edm=AM6HXa8EAAAA&amp;oh=00_AfBlKlqOXu8rCHDaJlGqSl5vfN-HMMI6atiF8MlWgtLh3g&amp;oe=636DE9B6&quot;,&quot;150&quot;:&quot;https:\/\/scontent.cdninstagram.com\/v\/t51.29350-15\/246056284_555237498900090_2247454627043081634_n.jpg?_nc_cat=103&amp;ccb=1-7&amp;_nc_sid=8ae9d6&amp;_nc_ohc=FJmNA23VMG4AX9sjCYq&amp;_nc_ht=scontent.cdninstagram.com&amp;edm=AM6HXa8EAAAA&amp;oh=00_AfBlKlqOXu8rCHDaJlGqSl5vfN-HMMI6atiF8MlWgtLh3g&amp;oe=636DE9B6&quot;,&quot;320&quot;:&quot;https:\/\/scontent.cdninstagram.com\/v\/t51.29350-15\/246056284_555237498900090_2247454627043081634_n.jpg?_nc_cat=103&amp;ccb=1-7&amp;_nc_sid=8ae9d6&amp;_nc_ohc=FJmNA23VMG4AX9sjCYq&amp;_nc_ht=scontent.cdninstagram.com&amp;edm=AM6HXa8EAAAA&amp;oh=00_AfBlKlqOXu8rCHDaJlGqSl5vfN-HMMI6atiF8MlWgtLh3g&amp;oe=636DE9B6&quot;,&quot;640&quot;:&quot;https:\/\/scontent.cdninstagram.com\/v\/t51.29350-15\/246056284_555237498900090_2247454627043081634_n.jpg?_nc_cat=103&amp;ccb=1-7&amp;_nc_sid=8ae9d6&amp;_nc_ohc=FJmNA23VMG4AX9sjCYq&amp;_nc_ht=scontent.cdninstagram.com&amp;edm=AM6HXa8EAAAA&amp;oh=00_AfBlKlqOXu8rCHDaJlGqSl5vfN-HMMI6atiF8MlWgtLh3g&amp;oe=636DE9B6&quot;}\"><br \/>\n            <span class=\"sbi-screenreader\">T\u0103ul Mare<\/p>\n<p>#rosiamontana<br \/>\n#visitrosiamontana<br \/>\n#re<\/span><br \/>\n            \t                    <img decoding=\"async\" src=\"https:\/\/www.visitrosiamontana.com\/wp-content\/plugins\/instagram-feed\/img\/placeholder.png\" alt=\"T\u0103ul Mare\n\n#rosiamontana \n#visitrosiamontana \n#rentalocal\"><br \/>\n        <\/a>\n    <\/div>\n<\/div>\n<div class=\"sbi_item sbi_type_image sbi_new sbi_transition\" id=\"sbi_18146362807153112\" data-date=\"1616769939\">\n<div class=\"sbi_photo_wrap\">\n        <a class=\"sbi_photo\" href=\"https:\/\/www.instagram.com\/p\/CM4sK9Gprdf\/\" target=\"_blank\" rel=\"noopener nofollow\" data-full-res=\"https:\/\/scontent.cdninstagram.com\/v\/t51.29350-15\/164159125_447520329860766_8627777137665520960_n.jpg?_nc_cat=104&#038;ccb=1-7&#038;_nc_sid=8ae9d6&#038;_nc_ohc=ZYpY_h5GfIoAX9q0Tus&#038;_nc_ht=scontent.cdninstagram.com&#038;edm=AM6HXa8EAAAA&#038;oh=00_AfBO4lz8FdvHGP4rfG4qTrEfoefucDSOmiGDiJaw8GGRJw&#038;oe=636E87A1\" data-img-src-set=\"{&quot;d&quot;:&quot;https:\/\/scontent.cdninstagram.com\/v\/t51.29350-15\/164159125_447520329860766_8627777137665520960_n.jpg?_nc_cat=104&amp;ccb=1-7&amp;_nc_sid=8ae9d6&amp;_nc_ohc=ZYpY_h5GfIoAX9q0Tus&amp;_nc_ht=scontent.cdninstagram.com&amp;edm=AM6HXa8EAAAA&amp;oh=00_AfBO4lz8FdvHGP4rfG4qTrEfoefucDSOmiGDiJaw8GGRJw&amp;oe=636E87A1&quot;,&quot;150&quot;:&quot;https:\/\/scontent.cdninstagram.com\/v\/t51.29350-15\/164159125_447520329860766_8627777137665520960_n.jpg?_nc_cat=104&amp;ccb=1-7&amp;_nc_sid=8ae9d6&amp;_nc_ohc=ZYpY_h5GfIoAX9q0Tus&amp;_nc_ht=scontent.cdninstagram.com&amp;edm=AM6HXa8EAAAA&amp;oh=00_AfBO4lz8FdvHGP4rfG4qTrEfoefucDSOmiGDiJaw8GGRJw&amp;oe=636E87A1&quot;,&quot;320&quot;:&quot;https:\/\/scontent.cdninstagram.com\/v\/t51.29350-15\/164159125_447520329860766_8627777137665520960_n.jpg?_nc_cat=104&amp;ccb=1-7&amp;_nc_sid=8ae9d6&amp;_nc_ohc=ZYpY_h5GfIoAX9q0Tus&amp;_nc_ht=scontent.cdninstagram.com&amp;edm=AM6HXa8EAAAA&amp;oh=00_AfBO4lz8FdvHGP4rfG4qTrEfoefucDSOmiGDiJaw8GGRJw&amp;oe=636E87A1&quot;,&quot;640&quot;:&quot;https:\/\/scontent.cdninstagram.com\/v\/t51.29350-15\/164159125_447520329860766_8627777137665520960_n.jpg?_nc_cat=104&amp;ccb=1-7&amp;_nc_sid=8ae9d6&amp;_nc_ohc=ZYpY_h5GfIoAX9q0Tus&amp;_nc_ht=scontent.cdninstagram.com&amp;edm=AM6HXa8EAAAA&amp;oh=00_AfBO4lz8FdvHGP4rfG4qTrEfoefucDSOmiGDiJaw8GGRJw&amp;oe=636E87A1&quot;}\"><br \/>\n            <span class=\"sbi-screenreader\">Ro\u0219ia Montan\u0103 este construit\u0103 din detalii, din <\/span><br \/>\n            \t                    <img decoding=\"async\" src=\"https:\/\/www.visitrosiamontana.com\/wp-content\/plugins\/instagram-feed\/img\/placeholder.png\" alt=\"Ro\u0219ia Montan\u0103 este construit\u0103 din detalii, din oameni, din mun\u021bi, din locuri chiar si din z\u0103pada care \u00eenc\u0103 nu s-a topit din inima p\u0103durii.\n\n\u00cenchireaz\u0103 ghid local \u015fi descoper\u0103 Ro\u015fia Montan\u0103. www.visitrosiamontana.com\n\n#visitrosiamontana #rosiamontana #rentalocal #inchireazaghidlocal #photography #photooftheday #lake #hike #instagram #like #photo #picoftheday #follow #nature #beautiful #mountain  #corna  #photographer #likeforlikes #instadaily #travel #instalike  #photoshoot #followme  #likes #forest #winter #canon\"><br \/>\n        <\/a>\n    <\/div>\n<\/div>\n<div class=\"sbi_item sbi_type_image sbi_new sbi_transition\" id=\"sbi_17859235748478242\" data-date=\"1612205340\">\n<div class=\"sbi_photo_wrap\">\n        <a class=\"sbi_photo\" href=\"https:\/\/www.instagram.com\/p\/CKwp5Avp1ku\/\" target=\"_blank\" rel=\"noopener nofollow\" data-full-res=\"https:\/\/scontent.cdninstagram.com\/v\/t51.29350-15\/144371627_144990900687482_5140081975532404790_n.jpg?_nc_cat=102&#038;ccb=1-7&#038;_nc_sid=8ae9d6&#038;_nc_ohc=ZRy_vX9bw2wAX_dxa3L&#038;_nc_ht=scontent.cdninstagram.com&#038;edm=AM6HXa8EAAAA&#038;oh=00_AfA50FAa5T9xZ8P1T2vD0Gv0K4KkoxOWJOSGiE6Mrcg0Bg&#038;oe=636F9768\" data-img-src-set=\"{&quot;d&quot;:&quot;https:\/\/scontent.cdninstagram.com\/v\/t51.29350-15\/144371627_144990900687482_5140081975532404790_n.jpg?_nc_cat=102&amp;ccb=1-7&amp;_nc_sid=8ae9d6&amp;_nc_ohc=ZRy_vX9bw2wAX_dxa3L&amp;_nc_ht=scontent.cdninstagram.com&amp;edm=AM6HXa8EAAAA&amp;oh=00_AfA50FAa5T9xZ8P1T2vD0Gv0K4KkoxOWJOSGiE6Mrcg0Bg&amp;oe=636F9768&quot;,&quot;150&quot;:&quot;https:\/\/scontent.cdninstagram.com\/v\/t51.29350-15\/144371627_144990900687482_5140081975532404790_n.jpg?_nc_cat=102&amp;ccb=1-7&amp;_nc_sid=8ae9d6&amp;_nc_ohc=ZRy_vX9bw2wAX_dxa3L&amp;_nc_ht=scontent.cdninstagram.com&amp;edm=AM6HXa8EAAAA&amp;oh=00_AfA50FAa5T9xZ8P1T2vD0Gv0K4KkoxOWJOSGiE6Mrcg0Bg&amp;oe=636F9768&quot;,&quot;320&quot;:&quot;https:\/\/scontent.cdninstagram.com\/v\/t51.29350-15\/144371627_144990900687482_5140081975532404790_n.jpg?_nc_cat=102&amp;ccb=1-7&amp;_nc_sid=8ae9d6&amp;_nc_ohc=ZRy_vX9bw2wAX_dxa3L&amp;_nc_ht=scontent.cdninstagram.com&amp;edm=AM6HXa8EAAAA&amp;oh=00_AfA50FAa5T9xZ8P1T2vD0Gv0K4KkoxOWJOSGiE6Mrcg0Bg&amp;oe=636F9768&quot;,&quot;640&quot;:&quot;https:\/\/scontent.cdninstagram.com\/v\/t51.29350-15\/144371627_144990900687482_5140081975532404790_n.jpg?_nc_cat=102&amp;ccb=1-7&amp;_nc_sid=8ae9d6&amp;_nc_ohc=ZRy_vX9bw2wAX_dxa3L&amp;_nc_ht=scontent.cdninstagram.com&amp;edm=AM6HXa8EAAAA&amp;oh=00_AfA50FAa5T9xZ8P1T2vD0Gv0K4KkoxOWJOSGiE6Mrcg0Bg&amp;oe=636F9768&quot;}\"><br \/>\n            <span class=\"sbi-screenreader\">Sl\u0103nina este al\u0103turi de oamenii de aici indifere<\/span><br \/>\n            \t                    <img decoding=\"async\" src=\"https:\/\/www.visitrosiamontana.com\/wp-content\/plugins\/instagram-feed\/img\/placeholder.png\" alt=\"Sl\u0103nina este al\u0103turi de oamenii de aici indiferent dac\u0103 este vorba de munca c\u00e2mpului sau o drume\u021bie, pe care adesea o m\u00e2nc\u0103 cu fructe.\n\n\u00cenchireaz\u0103 ghid local \u015fi descoper\u0103 Ro\u015fia Montan\u0103. www.visitrosiamontana.com\n\n#visitrosiamontana #rosiamontana #rentalocal #inchireazaghidlocal #photography #photooftheday #lake #hike #instagram #like #photo #picoftheday #follow #nature #beautiful #mountain  #corna  #photographer #likeforlikes #instadaily #travel #instalike  #photoshoot #followme  #likes #forest #winter #canon\"><br \/>\n        <\/a>\n    <\/div>\n<\/div><\/div>\n<div id=\"sbi_load\" >\n<p>\t\t\t<span class=\"sbi_follow_btn\"><br \/>\n        <a href=\"https:\/\/www.instagram.com\/visitrosiamontana\/\" target=\"_blank\" rel=\"nofollow noopener\"><br \/>\n            <svg class=\"svg-inline--fa fa-instagram fa-w-14\" aria-hidden=\"true\" data-fa-processed=\"\" aria-label=\"Instagram\" data-prefix=\"fab\" data-icon=\"instagram\" role=\"img\" viewBox=\"0 0 448 512\">\n\t                <path fill=\"currentColor\" d=\"M224.1 141c-63.6 0-114.9 51.3-114.9 114.9s51.3 114.9 114.9 114.9S339 319.5 339 255.9 287.7 141 224.1 141zm0 189.6c-41.1 0-74.7-33.5-74.7-74.7s33.5-74.7 74.7-74.7 74.7 33.5 74.7 74.7-33.6 74.7-74.7 74.7zm146.4-194.3c0 14.9-12 26.8-26.8 26.8-14.9 0-26.8-12-26.8-26.8s12-26.8 26.8-26.8 26.8 12 26.8 26.8zm76.1 27.2c-1.7-35.9-9.9-67.7-36.2-93.9-26.2-26.2-58-34.4-93.9-36.2-37-2.1-147.9-2.1-184.9 0-35.8 1.7-67.6 9.9-93.9 36.1s-34.4 58-36.2 93.9c-2.1 37-2.1 147.9 0 184.9 1.7 35.9 9.9 67.7 36.2 93.9s58 34.4 93.9 36.2c37 2.1 147.9 2.1 184.9 0 35.9-1.7 67.7-9.9 93.9-36.2 26.2-26.2 34.4-58 36.2-93.9 2.1-37 2.1-147.8 0-184.8zM398.8 388c-7.8 19.6-22.9 34.7-42.6 42.6-29.5 11.7-99.5 9-132.1 9s-102.7 2.6-132.1-9c-19.6-7.8-34.7-22.9-42.6-42.6-11.7-29.5-9-99.5-9-132.1s-2.6-102.7 9-132.1c7.8-19.6 22.9-34.7 42.6-42.6 29.5-11.7 99.5-9 132.1-9s102.7-2.6 132.1 9c19.6 7.8 34.7 22.9 42.6 42.6 11.7 29.5 9 99.5 9 132.1s2.7 102.7-9 132.1z\"><\/path>\n\t            <\/svg>            <span>Follow us on Instagram<\/span><br \/>\n        <\/a><br \/>\n    <\/span><\/p>\n<\/div>\n<p>\t    <span class=\"sbi_resized_image_data\" data-feed-id=\"*1\" data-resized=\"{&quot;17859235748478242&quot;:{&quot;id&quot;:&quot;144371627_144990900687482_5140081975532404790_n&quot;,&quot;ratio&quot;:&quot;0.80&quot;,&quot;sizes&quot;:{&quot;full&quot;:640,&quot;low&quot;:320}},&quot;18146362807153112&quot;:{&quot;id&quot;:&quot;164159125_447520329860766_8627777137665520960_n&quot;,&quot;ratio&quot;:&quot;0.80&quot;,&quot;sizes&quot;:{&quot;full&quot;:640,&quot;low&quot;:320,&quot;thumb&quot;:150}},&quot;18150779758172743&quot;:{&quot;id&quot;:&quot;246056284_555237498900090_2247454627043081634_n&quot;,&quot;ratio&quot;:&quot;1.82&quot;,&quot;sizes&quot;:{&quot;full&quot;:640,&quot;low&quot;:320,&quot;thumb&quot;:150}},&quot;17941614011083403&quot;:{&quot;id&quot;:&quot;285161892_433937545239202_3882452531551463186_n&quot;,&quot;ratio&quot;:&quot;0.56&quot;,&quot;sizes&quot;:{&quot;full&quot;:640,&quot;low&quot;:320,&quot;thumb&quot;:150}}}\"><br \/>\n\t<\/span><\/p>\n<div id=\"sbi_mod_error\">\n            <span>This error message is only visible to WordPress admins<\/span><\/p>\n<div><strong>There has been a problem with your Instagram Feed.<\/strong><br \/>API error 190: Error validating access token: The session has been invalidated because the user changed their password or Facebook has changed the session for security reasons.<br \/><a href=\"https:\/\/smashballoon.com\/instagram-feed\/docs\/errors\/#190\" target=\"_blank\" rel=\"noopener\">Directions on how to resolve this issue<\/a><\/div>\n<\/p><\/div>\n<\/p><\/div>\n<\/div>\n<\/div>\n<div class=\"one withsmallpadding \" style=\"background:lightblue;\" >\n<div class=\"page_content_wrapper\">\n<div style=\"width: 35%; float: left;\">\n<h4>Vreau s\u0103 aflu despre evenimentele care au loc \u00een Ro\u0219ia Montan\u0103<\/h4>\n<\/div>\n<div style=\"width: 65%; float: right;\"><!\u2013 Begin MailChimp Signup Form \u2013> <\/p>\n<div id=\"mc_embed_signup\">\n<form class=\"validate\" id=\"mc-embedded-subscribe-form\" action=\"\/\/visitrosiamontana.us14.list-manage.com\/subscribe\/post?u=cd6590db3cc825d7d83c53785&#038;id=36ee3faa18\" method=\"post\" name=\"mc-embedded-subscribe-form\" novalidate=\"\" target=\"_blank\">\n<div class=\"mc-field-group\"> <input class=\"required\" id=\"mce-FNAME\" type=\"text\" name=\"FNAME\" placeholder=\"Prenumele\" value=\"\" \/> <input class=\"required email\" id=\"mce-EMAIL\" type=\"email\" name=\"EMAIL\" placeholder=\"Adresa de e-mail\" value=\"\" \/> <input type=\"hidden\" name=\"b_8c2fdee11f59dc4d7adf9bcbf_83dec78335\" value=\"\">\u00a0\u00a0\u00a0\u00a0<input type=\"Submit\" value=\"Mersi!\" name=\"subscribe\" id=\"mc-embedded-subscribe\" \/> <\/div>\n<\/p>\n<\/form>\n<\/div>\n<\/div>\n<\/div>\n","protected":false},"excerpt":{"rendered":"<p>Ce spun turi\u0219tii Your determination, courage, and spirit are an inspiration to communities around the world being threatened by corporate mining interests, we will tell your story far and wide but especially in the Unitarian Churches in the U.S. and Canada. We will explore other ways [&hellip;]<\/p>\n","protected":false},"author":1,"featured_media":0,"parent":0,"menu_order":0,"comment_status":"open","ping_status":"closed","template":"page_f.php","meta":{"give_campaign_id":0,"footnotes":""},"class_list":["post-5198","page","type-page","status-publish","hentry"],"campaignId":"","_links":{"self":[{"href":"https:\/\/www.visitrosiamontana.com\/ro\/wp-json\/wp\/v2\/pages\/5198","targetHints":{"allow":["GET"]}}],"collection":[{"href":"https:\/\/www.visitrosiamontana.com\/ro\/wp-json\/wp\/v2\/pages"}],"about":[{"href":"https:\/\/www.visitrosiamontana.com\/ro\/wp-json\/wp\/v2\/types\/page"}],"author":[{"embeddable":true,"href":"https:\/\/www.visitrosiamontana.com\/ro\/wp-json\/wp\/v2\/users\/1"}],"replies":[{"embeddable":true,"href":"https:\/\/www.visitrosiamontana.com\/ro\/wp-json\/wp\/v2\/comments?post=5198"}],"version-history":[{"count":56,"href":"https:\/\/www.visitrosiamontana.com\/ro\/wp-json\/wp\/v2\/pages\/5198\/revisions"}],"predecessor-version":[{"id":5909,"href":"https:\/\/www.visitrosiamontana.com\/ro\/wp-json\/wp\/v2\/pages\/5198\/revisions\/5909"}],"wp:attachment":[{"href":"https:\/\/www.visitrosiamontana.com\/ro\/wp-json\/wp\/v2\/media?parent=5198"}],"curies":[{"name":"wp","href":"https:\/\/api.w.org\/{rel}","templated":true}]}}