{"id":5222,"date":"2017-08-18T17:06:50","date_gmt":"2017-08-18T17:06:50","guid":{"rendered":"http:\/\/www.visitrosiamontana.com\/?page_id=5222"},"modified":"2017-08-20T15:47:23","modified_gmt":"2017-08-20T15:47:23","slug":"experiente","status":"publish","type":"page","link":"https:\/\/www.visitrosiamontana.com\/ro\/experiente\/","title":{"rendered":"Experien\u021be"},"content":{"rendered":"<a class=\"button small \" style=\"background-color:#4ec380 !important;color:#ffffff !important;border:1px solid #4ec380 !important;\" onclick=\"window.open('http:\/\/www.visitrosiamontana.com\/ro\/relaxeaza-te\/', '_self')\">Relaxeaz\u0103-te<\/a>\n<p>Deschide-\u021bi mintea \u0219i odihne\u0219te-\u021bi trupul \u00eentr-un hamac, la umbra mestecenilori argintii, sau relaxeaz\u0103-te \u00eenot\u00e2nd \u00een apa unui lac de munte!<\/p>\n<a class=\"button small \" style=\"background-color:#cb5f54 !important;color:#ffffff !important;border:1px solid #cb5f54 !important;\" onclick=\"window.open('http:\/\/www.visitrosiamontana.com\/ro\/drumetie\/', '_self')\">Drume\u021bie<\/a>\n<p>Ie\u0219i din cas\u0103, ia rucsacul \u0219i vino s\u0103 inspiri o gur\u0103 de aer proasp\u0103t \u00een Ro\u0219ia Montan\u0103.<\/p>\n<a class=\"button small \" style=\"background-color:#f4ae40 !important;color:#ffffff !important;border:1px solid #f4ae40 !important;\" onclick=\"window.open('http:\/\/www.visitrosiamontana.com\/ro\/traieste-cultura\/', '_self')\">Tr\u0103ie\u0219te Cultura<\/a>\n<p>Ascult\u0103 pove\u0219tile ro\u0219ienilor, \u00eemparte cu ei masa \u0219i casa, \u00eenva\u021b\u0103 de la ei \u0219i bucur\u0103-te de firea lor ospitalier\u0103.<\/p>\n<a class=\"button small \" style=\"background-color:#97a2a2 !important;color:#ffffff !important;border:1px solid #97a2a2 !important;\" onclick=\"window.open('http:\/\/www.visitrosiamontana.com\/ro\/traieste-istoria\/', '_self')\">Tr\u0103ie\u0219te Istoria<\/a>\n<p>\u00cen Ro\u0219ia Montan\u0103 dospesc epoci istorice care au l\u0103sat la tot pasul, urme ad\u00e2nci, de ne\u0219ters, ce \u00eenc\u0103 a\u0219teapt\u0103 cumin\u021bi, s\u0103 fie descoperite \u0219i \u00een\u021belese.<\/p>\n<a class=\"button small \" style=\"background-color:#5babe1 !important;color:#ffffff !important;border:1px solid #5babe1 !important;\" onclick=\"window.open('http:\/\/www.visitrosiamontana.com\/ro\/oprire-scurta\/', '_self')\">Oprire scurt\u0103<\/a>\n<p>Bucur\u0103-te de pove\u0219tile \u0219i de locurile idilice ale Ro\u0219iei Montane, sub jovialul ghidaj al unui localnic.<\/p>\n","protected":false},"excerpt":{"rendered":"<p>Deschide-\u021bi mintea \u0219i odihne\u0219te-\u021bi trupul \u00eentr-un hamac, la umbra mestecenilori argintii, sau relaxeaz\u0103-te \u00eenot\u00e2nd \u00een apa unui lac de munte! Ie\u0219i din cas\u0103, ia rucsacul \u0219i vino s\u0103 inspiri o gur\u0103 de aer proasp\u0103t \u00een Ro\u0219ia Montan\u0103. Ascult\u0103 pove\u0219tile ro\u0219ienilor, \u00eemparte cu ei masa \u0219i casa, [&hellip;]<\/p>\n","protected":false},"author":1,"featured_media":4547,"parent":0,"menu_order":0,"comment_status":"open","ping_status":"closed","template":"page-destination.php","meta":{"give_campaign_id":0,"footnotes":""},"class_list":["post-5222","page","type-page","status-publish","has-post-thumbnail","hentry"],"campaignId":"","_links":{"self":[{"href":"https:\/\/www.visitrosiamontana.com\/ro\/wp-json\/wp\/v2\/pages\/5222","targetHints":{"allow":["GET"]}}],"collection":[{"href":"https:\/\/www.visitrosiamontana.com\/ro\/wp-json\/wp\/v2\/pages"}],"about":[{"href":"https:\/\/www.visitrosiamontana.com\/ro\/wp-json\/wp\/v2\/types\/page"}],"author":[{"embeddable":true,"href":"https:\/\/www.visitrosiamontana.com\/ro\/wp-json\/wp\/v2\/users\/1"}],"replies":[{"embeddable":true,"href":"https:\/\/www.visitrosiamontana.com\/ro\/wp-json\/wp\/v2\/comments?post=5222"}],"version-history":[{"count":4,"href":"https:\/\/www.visitrosiamontana.com\/ro\/wp-json\/wp\/v2\/pages\/5222\/revisions"}],"predecessor-version":[{"id":5317,"href":"https:\/\/www.visitrosiamontana.com\/ro\/wp-json\/wp\/v2\/pages\/5222\/revisions\/5317"}],"wp:featuredmedia":[{"embeddable":true,"href":"https:\/\/www.visitrosiamontana.com\/ro\/wp-json\/wp\/v2\/media\/4547"}],"wp:attachment":[{"href":"https:\/\/www.visitrosiamontana.com\/ro\/wp-json\/wp\/v2\/media?parent=5222"}],"curies":[{"name":"wp","href":"https:\/\/api.w.org\/{rel}","templated":true}]}}