{"id":5229,"date":"2017-08-18T17:13:59","date_gmt":"2017-08-18T17:13:59","guid":{"rendered":"http:\/\/www.visitrosiamontana.com\/?page_id=5229"},"modified":"2019-07-02T22:02:15","modified_gmt":"2019-07-02T22:02:15","slug":"traieste-cultura","status":"publish","type":"page","link":"https:\/\/www.visitrosiamontana.com\/ro\/traieste-cultura\/","title":{"rendered":"Tr\u0103ie\u0219te Cultura"},"content":{"rendered":"<div class=\"one withsmallpadding \" >\n<div class=\"page_content_wrapper\">\n<div style=\"text-align:center\">\n<h2 class=\"ppb_title\">Ascult\u0103 pove\u0219tile ro\u0219ienilor, \u00eemparte cu ei masa \u0219i casa, \u00eenva\u021b\u0103 de la ei \u0219i bucur\u0103-te de firea lor ospitalier\u0103.<\/h2>\n<div class=\"page_caption_desc\"><\/div>\n<\/div>\n<div style=\"text-align:center\">\nRo\u0219ia Montan\u0103 are destinul unei regiuni cosmopolite astfel c\u0103, \u0219i azi, specificul cultural al zonei const\u0103 tocmai \u00eentr-o mare varietate de culturi \u0219i obiceiuri aduse aici din toate z\u0103rile, o dat\u0103 cu cei care s-au sim\u021bit atra\u0219i de bog\u0103\u021biile locului. \u00cenc\u0103 se resimt influen\u021bele na\u021biilor care au trecut pe aici \u0219i au l\u0103sat ca mo\u0219tenire obiceiuri, tradi\u021bii, tehnici de lucru, cuvinte \u0219i expresii \u0219i, desigur, multe re\u021bete de preparare a bucatelor. Localnicii de acum te pot ini\u021bia \u00een obiceiurile pe care le-au preluat de la mo\u0219ii lor, \u0219i \u00een me\u0219te\u0219uguri vechi \u0219i noi. De la \u201epolog\u201d- str\u00e2nsul f\u00e2nului, p\u00e2n\u0103 la \u201e\u0219trinc\u0103nit\u201d &#8211; \u00eempletirea firelor, de la fier\u0103rie \u0219i t\u00e2mpl\u0103rie, p\u00e2n\u0103 la gastronomie sau fotografie, Visit Ro\u0219ia Montan\u0103 \u00ee\u021bi pune la dispozi\u021be o palet\u0103 larg\u0103 de ateliere \u0219i experien\u021be autentice. <\/div>\n<\/div>\n<\/div>\n<div class=\"one withsmallpadding withbg fullwidth parallax\" style=\"height:600px;\"  data-image=\"http:\/\/www.visitrosiamontana.com\/wp-content\/uploads\/2016\/10\/Culture-Rosia-Montana.jpg\" data-width=\"2048\" data-height=\"1285\">\n<div class=\"page_content_wrapper\"><\/div>\n<\/div>\n<div class=\"one withsmallpadding \" >\n<div class=\"page_content_wrapper\">\n<div style=\"text-align:center\">\n<h2 class=\"ppb_title\">Tr\u0103ie\u0219te \u0219i tu o clip\u0103 din via\u021ba Ro\u0219iei Montane!<\/h2>\n<div class=\"page_caption_desc\">Te a\u0219tept\u0103m cu drag!<\/div>\n<\/div>\n<\/div>\n<\/div>\n<div class=\"one withsmallpadding withbg fullwidth parallax\" style=\"height:600px;\"  data-image=\"http:\/\/www.visitrosiamontana.com\/wp-content\/uploads\/2016\/10\/Culture-Visit-Rosia-Montana-1.jpg\" data-width=\"1800\" data-height=\"842\">\n<div class=\"page_content_wrapper\"><\/div>\n<\/div>\n<div class=\"one withsmallpadding \" >\n<div class=\"page_content_wrapper\">\n<div id=\"hikingcyclingactivities\" style=\"margin:40px 0 0 0;text-align:center;\">\n<h1 style=\"font-size:26px;font-style:italic;font-weight:normal;\">Vino \u0219i tu s\u0103 vezi de ce e Ro\u0219ia Montan\u0103 at\u00e2t de iubit\u0103 \u0219i renumit\u0103. <\/h1>\n<h1 style=\"font-size:26px;font-style:italic;font-weight:normal;\">Alege experien\u021be faine \u0219i autentice, pe care s\u0103 le tr\u0103ie\u0219ti al\u0103turi de familie, prieteni \u0219i oamenii din Ro\u0219ia Montan\u0103!<\/h1>\n<p><\/br><br \/>\n<a class=\"button small \" style=\"background-color:#f4ae40 !important;color:#ffffff !important;border:1px solid #f4ae40 !important;\" onclick=\"window.open('http:\/\/www.visitrosiamontana.com\/ro\/inchiriaza-ghid-local\/', '_self')\">\u00cenchiriaz\u0103 ghid local<\/a>\n<\/div>\n<\/div>\n<\/div>\n","protected":false},"excerpt":{"rendered":"<p>Ascult\u0103 pove\u0219tile ro\u0219ienilor, \u00eemparte cu ei masa \u0219i casa, \u00eenva\u021b\u0103 de la ei \u0219i bucur\u0103-te de firea lor ospitalier\u0103. Ro\u0219ia Montan\u0103 are destinul unei regiuni cosmopolite astfel c\u0103, \u0219i azi, specificul cultural al zonei const\u0103 tocmai \u00eentr-o mare varietate de culturi \u0219i obiceiuri aduse aici din [&hellip;]<\/p>\n","protected":false},"author":1,"featured_media":4704,"parent":0,"menu_order":0,"comment_status":"open","ping_status":"closed","template":"page-destination.php","meta":{"give_campaign_id":0,"footnotes":""},"class_list":["post-5229","page","type-page","status-publish","has-post-thumbnail","hentry"],"campaignId":"","_links":{"self":[{"href":"https:\/\/www.visitrosiamontana.com\/ro\/wp-json\/wp\/v2\/pages\/5229","targetHints":{"allow":["GET"]}}],"collection":[{"href":"https:\/\/www.visitrosiamontana.com\/ro\/wp-json\/wp\/v2\/pages"}],"about":[{"href":"https:\/\/www.visitrosiamontana.com\/ro\/wp-json\/wp\/v2\/types\/page"}],"author":[{"embeddable":true,"href":"https:\/\/www.visitrosiamontana.com\/ro\/wp-json\/wp\/v2\/users\/1"}],"replies":[{"embeddable":true,"href":"https:\/\/www.visitrosiamontana.com\/ro\/wp-json\/wp\/v2\/comments?post=5229"}],"version-history":[{"count":5,"href":"https:\/\/www.visitrosiamontana.com\/ro\/wp-json\/wp\/v2\/pages\/5229\/revisions"}],"predecessor-version":[{"id":5635,"href":"https:\/\/www.visitrosiamontana.com\/ro\/wp-json\/wp\/v2\/pages\/5229\/revisions\/5635"}],"wp:featuredmedia":[{"embeddable":true,"href":"https:\/\/www.visitrosiamontana.com\/ro\/wp-json\/wp\/v2\/media\/4704"}],"wp:attachment":[{"href":"https:\/\/www.visitrosiamontana.com\/ro\/wp-json\/wp\/v2\/media?parent=5229"}],"curies":[{"name":"wp","href":"https:\/\/api.w.org\/{rel}","templated":true}]}}