{"id":5231,"date":"2017-08-18T17:15:54","date_gmt":"2017-08-18T17:15:54","guid":{"rendered":"http:\/\/www.visitrosiamontana.com\/?page_id=5231"},"modified":"2019-07-02T22:02:27","modified_gmt":"2019-07-02T22:02:27","slug":"relaxeaza-te","status":"publish","type":"page","link":"https:\/\/www.visitrosiamontana.com\/ro\/relaxeaza-te\/","title":{"rendered":"Relaxeaz\u0103-te"},"content":{"rendered":"<div class=\"one withsmallpadding \" >\n<div class=\"page_content_wrapper\">\n<div style=\"text-align:center\">\n<h2 class=\"ppb_title\">Deschide-\u021bi mintea \u0219i odihne\u0219te-\u021bi trupul \u00eentr-un hamac, la umbra mestecenilori argintii, sau relaxeaz\u0103-te \u00eenot\u00e2nd \u00een apa unui lac de munte!<\/h2>\n<div class=\"page_caption_desc\"><\/div>\n<\/div>\n<div style=\"text-align:center\">\n\u00cen Ro\u0219ia Montan\u0103, aerul e cristalin \u0219i apa e vie. Calitatea superioar\u0103 a acestora se datoreaz\u0103 bog\u0103\u021biei p\u0103m\u00e2ntului \u00een metale pre\u021bioase \u0219i s\u0103n\u0103toase, care alcalinizeaz\u0103 mediul prin ac\u021biunea lor direct\u0103 asupra apei, a faunei \u0219i a florei. Aici, natura te-mbr\u0103\u021bi\u0219eaz\u0103 \u0219i te invit\u0103 s\u0103 creezi, s\u0103 meditezi, s\u0103 fii curios \u0219i s\u0103 descoperi fiin\u021bele care tr\u0103iesc pe-acest t\u0103r\u00e2m. Po\u021bi porni \u00een c\u0103utarea \u0219i observarea p\u0103s\u0103rilor s\u0103lbatice sau po\u021bi c\u0103l\u0103tori alene cu moc\u0103ni\u021ba.<\/div>\n<\/div>\n<\/div>\n<div class=\"one withsmallpadding withbg fullwidth parallax\" style=\"height:600px;\"  data-image=\"http:\/\/www.visitrosiamontana.com\/wp-content\/uploads\/2016\/10\/Relax-Visit-Rosia-Montana-1-1.jpg\" data-width=\"1800\" data-height=\"842\">\n<div class=\"page_content_wrapper\"><\/div>\n<\/div>\n<div class=\"one withsmallpadding \" >\n<div class=\"page_content_wrapper\">\n<div style=\"text-align:center\">\n<h2 class=\"ppb_title\">Fii parte din evenimentele de relaxare, wellness \u0219i mindfulness care au loc periodic \u00een Ro\u0219ia Montan\u0103.<\/h2>\n<div class=\"page_caption_desc\">Te a\u0219tept\u0103m cu drag!<\/div>\n<\/div>\n<\/div>\n<\/div>\n<div class=\"one withsmallpadding withbg fullwidth parallax\" style=\"height:600px;\"  data-image=\"http:\/\/www.visitrosiamontana.com\/wp-content\/uploads\/2016\/10\/Relax-Visit-Rosia-Montana-2.jpg\" data-width=\"1800\" data-height=\"842\">\n<div class=\"page_content_wrapper\"><\/div>\n<\/div>\n<div class=\"one withsmallpadding \" >\n<div class=\"page_content_wrapper\">\n<div id=\"hikingcyclingactivities\" style=\"margin:40px 0 0 0;text-align:center;\">\n<h1 style=\"font-size:26px;font-style:italic;font-weight:normal;\">Vino \u0219i tu s\u0103 vezi de ce e Ro\u0219ia Montan\u0103 at\u00e2t de iubit\u0103 \u0219i renumit\u0103. <\/h1>\n<h1 style=\"font-size:26px;font-style:italic;font-weight:normal;\">Alege experien\u021be faine \u0219i autentice, pe care s\u0103 le tr\u0103ie\u0219ti al\u0103turi de familie, prieteni \u0219i oamenii din Ro\u0219ia Montan\u0103!<\/h1>\n<p><\/br><br \/>\n<a class=\"button small \" style=\"background-color:#f4ae40 !important;color:#ffffff !important;border:1px solid #f4ae40 !important;\" onclick=\"window.open('http:\/\/www.visitrosiamontana.com\/ro\/inchiriaza-ghid-local\/', '_self')\">\u00cenchiriaz\u0103 ghid local<\/a>\n<\/div>\n<\/div>\n<\/div>\n","protected":false},"excerpt":{"rendered":"<p>Deschide-\u021bi mintea \u0219i odihne\u0219te-\u021bi trupul \u00eentr-un hamac, la umbra mestecenilori argintii, sau relaxeaz\u0103-te \u00eenot\u00e2nd \u00een apa unui lac de munte! \u00cen Ro\u0219ia Montan\u0103, aerul e cristalin \u0219i apa e vie. Calitatea superioar\u0103 a acestora se datoreaz\u0103 bog\u0103\u021biei p\u0103m\u00e2ntului \u00een metale pre\u021bioase \u0219i s\u0103n\u0103toase, care alcalinizeaz\u0103 mediul [&hellip;]<\/p>\n","protected":false},"author":1,"featured_media":4493,"parent":0,"menu_order":0,"comment_status":"open","ping_status":"closed","template":"page-destination.php","meta":{"give_campaign_id":0,"footnotes":""},"class_list":["post-5231","page","type-page","status-publish","has-post-thumbnail","hentry"],"campaignId":"","_links":{"self":[{"href":"https:\/\/www.visitrosiamontana.com\/ro\/wp-json\/wp\/v2\/pages\/5231","targetHints":{"allow":["GET"]}}],"collection":[{"href":"https:\/\/www.visitrosiamontana.com\/ro\/wp-json\/wp\/v2\/pages"}],"about":[{"href":"https:\/\/www.visitrosiamontana.com\/ro\/wp-json\/wp\/v2\/types\/page"}],"author":[{"embeddable":true,"href":"https:\/\/www.visitrosiamontana.com\/ro\/wp-json\/wp\/v2\/users\/1"}],"replies":[{"embeddable":true,"href":"https:\/\/www.visitrosiamontana.com\/ro\/wp-json\/wp\/v2\/comments?post=5231"}],"version-history":[{"count":3,"href":"https:\/\/www.visitrosiamontana.com\/ro\/wp-json\/wp\/v2\/pages\/5231\/revisions"}],"predecessor-version":[{"id":5637,"href":"https:\/\/www.visitrosiamontana.com\/ro\/wp-json\/wp\/v2\/pages\/5231\/revisions\/5637"}],"wp:featuredmedia":[{"embeddable":true,"href":"https:\/\/www.visitrosiamontana.com\/ro\/wp-json\/wp\/v2\/media\/4493"}],"wp:attachment":[{"href":"https:\/\/www.visitrosiamontana.com\/ro\/wp-json\/wp\/v2\/media?parent=5231"}],"curies":[{"name":"wp","href":"https:\/\/api.w.org\/{rel}","templated":true}]}}