{"id":5233,"date":"2017-08-18T17:17:33","date_gmt":"2017-08-18T17:17:33","guid":{"rendered":"http:\/\/www.visitrosiamontana.com\/?page_id=5233"},"modified":"2019-07-02T22:02:22","modified_gmt":"2019-07-02T22:02:22","slug":"traieste-istoria","status":"publish","type":"page","link":"https:\/\/www.visitrosiamontana.com\/ro\/traieste-istoria\/","title":{"rendered":"Tr\u0103ie\u0219te Istoria"},"content":{"rendered":"<div class=\"one withsmallpadding \" >\n<div class=\"page_content_wrapper\">\n<div style=\"text-align:center\">\n<h2 class=\"ppb_title\">\u00cen Ro\u0219ia Montan\u0103 dospesc epoci istorice care au l\u0103sat la tot pasul, urme ad\u00e2nci, de ne\u0219ters, ce \u00eenc\u0103 a\u0219teapt\u0103 cumin\u021bi, s\u0103 fie descoperite \u0219i \u00een\u021belese.<\/h2>\n<div class=\"page_caption_desc\"><\/div>\n<\/div>\n<div style=\"text-align:center\">\nAici s-au p\u0103strat zeci de vestigii ale continuit\u0103\u021bii miniere, care al\u0103turi de legende \u0219i istorisiri, te plimb\u0103 prin milenii de istorie. De la agat\u00e2r\u0219i, daci \u0219i romani, la Ev Mediu \u0219i  Epoca Modern\u0103, fiecare dintre aceste perioade consecutive se reg\u0103sesc \u00een sutele de kilometri de galerii miniere din masivii auro-argentiferi ai comunei Ro\u0219ia Montan\u0103.<\/div>\n<\/div>\n<\/div>\n<div class=\"one withsmallpadding withbg fullwidth parallax\" style=\"height:600px;\"  data-image=\"http:\/\/www.visitrosiamontana.com\/wp-content\/uploads\/2017\/02\/Rosia-Montana-Verespatak-arany-tisztita\u0301sa.1908-.jpg\" data-width=\"800\" data-height=\"510\">\n<div class=\"page_content_wrapper\"><\/div>\n<\/div>\n<div class=\"one withsmallpadding \" >\n<div class=\"page_content_wrapper\">\n<div style=\"text-align:center\">\n<h2 class=\"ppb_title\">\u0218i tu, \u00eendrumat de c\u0103tre un ghid bine documentat \u0219i pasionat, po\u021bi cunoa\u0219te ceea ce timpul nu a putut s\u0103 ascund\u0103 \u0219i omul nu a putut s\u0103 distrug\u0103, din istoria Ro\u0219iei Montane. <\/h2>\n<div class=\"page_caption_desc\"><\/div>\n<\/div>\n<\/div>\n<\/div>\n<div class=\"one withsmallpadding withbg fullwidth parallax\" style=\"height:600px;\"  data-image=\"http:\/\/www.visitrosiamontana.com\/wp-content\/uploads\/2017\/02\/Live-Hostory-Rosia-Montana-2.jpg\" data-width=\"1024\" data-height=\"535\">\n<div class=\"page_content_wrapper\"><\/div>\n<\/div>\n<div class=\"one withsmallpadding \" >\n<div class=\"page_content_wrapper\">\n<div id=\"hikingcyclingactivities\" style=\"margin:40px 0 0 0;text-align:center;\">\n<h1 style=\"font-size:26px;font-style:italic;font-weight:normal;\">Vino \u0219i tu s\u0103 vezi de ce e Ro\u0219ia Montan\u0103 at\u00e2t de iubit\u0103 \u0219i renumit\u0103. <\/h1>\n<h1 style=\"font-size:26px;font-style:italic;font-weight:normal;\">Alege experien\u021be faine \u0219i autentice, pe care s\u0103 le tr\u0103ie\u0219ti al\u0103turi de familie, prieteni \u0219i oamenii din Ro\u0219ia Montan\u0103!<\/h1>\n<p><\/br><br \/>\n<a class=\"button small \" style=\"background-color:#f4ae40 !important;color:#ffffff !important;border:1px solid #f4ae40 !important;\" onclick=\"window.open('http:\/\/www.visitrosiamontana.com\/ro\/inchiriaza-ghid-local\/', '_self')\">\u00cenchiriaz\u0103 ghid local<\/a>\n<\/div>\n<\/div>\n<\/div>\n","protected":false},"excerpt":{"rendered":"<p>\u00cen Ro\u0219ia Montan\u0103 dospesc epoci istorice care au l\u0103sat la tot pasul, urme ad\u00e2nci, de ne\u0219ters, ce \u00eenc\u0103 a\u0219teapt\u0103 cumin\u021bi, s\u0103 fie descoperite \u0219i \u00een\u021belese. Aici s-au p\u0103strat zeci de vestigii ale continuit\u0103\u021bii miniere, care al\u0103turi de legende \u0219i istorisiri, te plimb\u0103 prin milenii de istorie. [&hellip;]<\/p>\n","protected":false},"author":1,"featured_media":4696,"parent":0,"menu_order":0,"comment_status":"open","ping_status":"closed","template":"page-destination.php","meta":{"give_campaign_id":0,"footnotes":""},"class_list":["post-5233","page","type-page","status-publish","has-post-thumbnail","hentry"],"campaignId":"","_links":{"self":[{"href":"https:\/\/www.visitrosiamontana.com\/ro\/wp-json\/wp\/v2\/pages\/5233","targetHints":{"allow":["GET"]}}],"collection":[{"href":"https:\/\/www.visitrosiamontana.com\/ro\/wp-json\/wp\/v2\/pages"}],"about":[{"href":"https:\/\/www.visitrosiamontana.com\/ro\/wp-json\/wp\/v2\/types\/page"}],"author":[{"embeddable":true,"href":"https:\/\/www.visitrosiamontana.com\/ro\/wp-json\/wp\/v2\/users\/1"}],"replies":[{"embeddable":true,"href":"https:\/\/www.visitrosiamontana.com\/ro\/wp-json\/wp\/v2\/comments?post=5233"}],"version-history":[{"count":3,"href":"https:\/\/www.visitrosiamontana.com\/ro\/wp-json\/wp\/v2\/pages\/5233\/revisions"}],"predecessor-version":[{"id":5636,"href":"https:\/\/www.visitrosiamontana.com\/ro\/wp-json\/wp\/v2\/pages\/5233\/revisions\/5636"}],"wp:featuredmedia":[{"embeddable":true,"href":"https:\/\/www.visitrosiamontana.com\/ro\/wp-json\/wp\/v2\/media\/4696"}],"wp:attachment":[{"href":"https:\/\/www.visitrosiamontana.com\/ro\/wp-json\/wp\/v2\/media?parent=5233"}],"curies":[{"name":"wp","href":"https:\/\/api.w.org\/{rel}","templated":true}]}}