{"id":5235,"date":"2017-08-18T17:19:00","date_gmt":"2017-08-18T17:19:00","guid":{"rendered":"http:\/\/www.visitrosiamontana.com\/?page_id=5235"},"modified":"2019-07-02T22:02:09","modified_gmt":"2019-07-02T22:02:09","slug":"drumetie","status":"publish","type":"page","link":"https:\/\/www.visitrosiamontana.com\/ro\/drumetie\/","title":{"rendered":"Drume\u021bie"},"content":{"rendered":"<div class=\"one withsmallpadding \" >\n<div class=\"page_content_wrapper\">\n<div style=\"text-align:center\">\n<h2 class=\"ppb_title\">Ie\u0219i din cas\u0103, ia rucsacul \u0219i vino s\u0103 inspiri o gur\u0103 de aer proasp\u0103t \u00een Ro\u0219ia Montan\u0103.<\/h2>\n<div class=\"page_caption_desc\"><\/div>\n<\/div>\n<div style=\"text-align:center\">\nS\u0103 ba\u021bi potecile p\u0103durii, la pas sau cu bicicleta, s\u0103 culegi zmeur\u0103 \u0219i afine din ramurile pline \u0219i s\u0103 te bucuri de mireasma p\u0103\u0219unilor montane bogate \u00een plante medicinale! Ajuns aici, po\u021bi s\u0103 ai parte de experien\u021be autentice \u00een natur\u0103, sau \u00een gospod\u0103riile localnicilor, care te vor \u00eenv\u0103\u021ba cum s\u0103 te bucuri de darurile p\u0103durii, s\u0103 culegi ciupercile cele mai aromate, cum s\u0103 alegi cele mai parfumate fructe \u0219i plantele cele mai s\u0103n\u0103toase. De pe culmile Ro\u0219iei Montane po\u021bi vedea cum se-n\u0219ir\u0103 Apusenii, val dup\u0103 val, la zeci de kilometri-n zare, auzind o lini\u0219te curat\u0103 \u0219i clar\u0103. <\/div>\n<\/div>\n<\/div>\n<div class=\"one withsmallpadding withbg fullwidth parallax\" style=\"height:600px;\"  data-image=\"http:\/\/www.visitrosiamontana.com\/wp-content\/uploads\/2014\/10\/Plante-medicinale-Rosia-Montana.jpg\" data-width=\"1800\" data-height=\"1069\">\n<div class=\"page_content_wrapper\"><\/div>\n<\/div>\n<div class=\"one withsmallpadding \" >\n<div class=\"page_content_wrapper\">\n<div style=\"text-align:center\">\n<h2 class=\"ppb_title\">F\u0103 un popas binemeritat \u0219i r\u0103sfa\u021b\u0103-te cu o m\u00e2n\u0103 de fructe de p\u0103dure proasp\u0103t culese.<\/h2>\n<div class=\"page_caption_desc\">Te a\u0219tept\u0103m cu drag!<\/div>\n<\/div>\n<\/div>\n<\/div>\n<div class=\"one withsmallpadding withbg fullwidth parallax\" style=\"height:600px;\"  data-image=\"http:\/\/www.visitrosiamontana.com\/wp-content\/uploads\/2014\/10\/Outdoors-Visit-Rosia-Montana-1.jpg\" data-width=\"1800\" data-height=\"842\">\n<div class=\"page_content_wrapper\"><\/div>\n<\/div>\n<div class=\"one withsmallpadding \" >\n<div class=\"page_content_wrapper\">\n<div id=\"hikingcyclingactivities\" style=\"margin:40px 0 0 0;text-align:center;\">\n<h1 style=\"font-size:26px;font-style:italic;font-weight:normal;\">Vino \u0219i tu s\u0103 vezi de ce e Ro\u0219ia Montan\u0103 at\u00e2t de iubit\u0103 \u0219i renumit\u0103. <\/h1>\n<h1 style=\"font-size:26px;font-style:italic;font-weight:normal;\">Alege experien\u021be faine \u0219i autentice, pe care s\u0103 le tr\u0103ie\u0219ti al\u0103turi de familie, prieteni \u0219i oamenii din Ro\u0219ia Montan\u0103!<\/h1>\n<p><\/br><br \/>\n<a class=\"button small \" style=\"background-color:#f4ae40 !important;color:#ffffff !important;border:1px solid #f4ae40 !important;\" onclick=\"window.open('http:\/\/www.visitrosiamontana.com\/ro\/inchiriaza-ghid-local\/', '_self')\">\u00cenchiriaz\u0103 ghid local<\/a>\n<\/div>\n<\/div>\n<\/div>\n","protected":false},"excerpt":{"rendered":"<p>Ie\u0219i din cas\u0103, ia rucsacul \u0219i vino s\u0103 inspiri o gur\u0103 de aer proasp\u0103t \u00een Ro\u0219ia Montan\u0103. S\u0103 ba\u021bi potecile p\u0103durii, la pas sau cu bicicleta, s\u0103 culegi zmeur\u0103 \u0219i afine din ramurile pline \u0219i s\u0103 te bucuri de mireasma p\u0103\u0219unilor montane bogate \u00een plante medicinale! [&hellip;]<\/p>\n","protected":false},"author":1,"featured_media":4481,"parent":0,"menu_order":0,"comment_status":"open","ping_status":"closed","template":"page-destination.php","meta":{"give_campaign_id":0,"footnotes":""},"class_list":["post-5235","page","type-page","status-publish","has-post-thumbnail","hentry"],"campaignId":"","_links":{"self":[{"href":"https:\/\/www.visitrosiamontana.com\/ro\/wp-json\/wp\/v2\/pages\/5235","targetHints":{"allow":["GET"]}}],"collection":[{"href":"https:\/\/www.visitrosiamontana.com\/ro\/wp-json\/wp\/v2\/pages"}],"about":[{"href":"https:\/\/www.visitrosiamontana.com\/ro\/wp-json\/wp\/v2\/types\/page"}],"author":[{"embeddable":true,"href":"https:\/\/www.visitrosiamontana.com\/ro\/wp-json\/wp\/v2\/users\/1"}],"replies":[{"embeddable":true,"href":"https:\/\/www.visitrosiamontana.com\/ro\/wp-json\/wp\/v2\/comments?post=5235"}],"version-history":[{"count":3,"href":"https:\/\/www.visitrosiamontana.com\/ro\/wp-json\/wp\/v2\/pages\/5235\/revisions"}],"predecessor-version":[{"id":5634,"href":"https:\/\/www.visitrosiamontana.com\/ro\/wp-json\/wp\/v2\/pages\/5235\/revisions\/5634"}],"wp:featuredmedia":[{"embeddable":true,"href":"https:\/\/www.visitrosiamontana.com\/ro\/wp-json\/wp\/v2\/media\/4481"}],"wp:attachment":[{"href":"https:\/\/www.visitrosiamontana.com\/ro\/wp-json\/wp\/v2\/media?parent=5235"}],"curies":[{"name":"wp","href":"https:\/\/api.w.org\/{rel}","templated":true}]}}