{"id":5237,"date":"2017-08-18T17:20:24","date_gmt":"2017-08-18T17:20:24","guid":{"rendered":"http:\/\/www.visitrosiamontana.com\/?page_id=5237"},"modified":"2019-07-02T22:02:35","modified_gmt":"2019-07-02T22:02:35","slug":"oprire-scurta","status":"publish","type":"page","link":"https:\/\/www.visitrosiamontana.com\/ro\/oprire-scurta\/","title":{"rendered":"Oprire scurt\u0103"},"content":{"rendered":"<div class=\"one withsmallpadding \" >\n<div class=\"page_content_wrapper\">\n<div style=\"text-align:center\">\n<h2 class=\"ppb_title\">Bucur\u0103-te de pove\u0219tile \u0219i de locurile idilice ale Ro\u0219iei Montane, sub jovialul ghidaj al unui localnic.<\/h2>\n<div class=\"page_caption_desc\"><\/div>\n<\/div>\n<div style=\"text-align:center\">\nDoar p\u0103\u0219ind pe urmele lui Mih\u0103il\u0103 Gritta sau urm\u00e2nd turul Monumentelor Naturale, Turul Istoric sau Turul Satului \u0219i Bisericilor, vei putea cuprinde cu imagina\u021bia fantastica \u00eenc\u0103rc\u0103tur\u0103 pe care o poart\u0103 acest loc. Prin pove\u0219ti \u0219i legende po\u021bi privi cum se deruleaz\u0103 istoria \u00een fa\u021ba ochilor \u0219i po\u021bi sim\u021bi cum pa\u0219ii t\u0103i devin \u0219i ei parte a ve\u0219niciei, pe poteci arhaice, printre case b\u0103tr\u00e2ne\u0219ti \u0219i cl\u0103diri de patrimoniu din b\u0103tr\u00e2na Alburnus Maior, ast\u0103zi Ro\u0219ia Montan\u0103.<\/div>\n<\/div>\n<\/div>\n<div class=\"one withsmallpadding withbg fullwidth parallax\" style=\"height:600px;\"  data-image=\"http:\/\/www.visitrosiamontana.com\/wp-content\/uploads\/2016\/10\/StopOver-Rosia-Montana.jpg\" data-width=\"1800\" data-height=\"842\">\n<div class=\"page_content_wrapper\"><\/div>\n<\/div>\n<div class=\"one withsmallpadding \" >\n<div class=\"page_content_wrapper\">\n<div style=\"text-align:center\">\n<h2 class=\"ppb_title\">Pentru ca experien\u021ba ta s\u0103 devin\u0103 o amintire vie, gust\u0103 din bucatele locului, soarbe sirop de brad \u0219i ia-\u021bi la drum pl\u0103cinte coapte pe lespede de piatr\u0103.<\/h2>\n<div class=\"page_caption_desc\">Te a\u0219tept\u0103m cu drag!<\/div>\n<\/div>\n<\/div>\n<\/div>\n<div class=\"one withsmallpadding withbg fullwidth parallax\" style=\"height:600px;\"  data-image=\"http:\/\/www.visitrosiamontana.com\/wp-content\/uploads\/2016\/10\/StopOver-Visit-Rosia-Montana-2.jpg\" data-width=\"1800\" data-height=\"842\">\n<div class=\"page_content_wrapper\"><\/div>\n<\/div>\n<div class=\"one withsmallpadding \" >\n<div class=\"page_content_wrapper\">\n<div id=\"hikingcyclingactivities\" style=\"margin:40px 0 0 0;text-align:center;\">\n<h1 style=\"font-size:26px;font-style:italic;font-weight:normal;\">Vino \u0219i tu s\u0103 vezi de ce e Ro\u0219ia Montan\u0103 at\u00e2t de iubit\u0103 \u0219i renumit\u0103. <\/h1>\n<h1 style=\"font-size:26px;font-style:italic;font-weight:normal;\">Alege experien\u021be faine \u0219i autentice, pe care s\u0103 le tr\u0103ie\u0219ti al\u0103turi de familie, prieteni \u0219i oamenii din Ro\u0219ia Montan\u0103!<\/h1>\n<p><\/br><br \/>\n<a class=\"button small \" style=\"background-color:#f4ae40 !important;color:#ffffff !important;border:1px solid #f4ae40 !important;\" onclick=\"window.open('http:\/\/www.visitrosiamontana.com\/ro\/inchiriaza-ghid-local\/', '_self')\">\u00cenchiriaz\u0103 ghid local<\/a>\n<\/div>\n<\/div>\n<\/div>\n","protected":false},"excerpt":{"rendered":"<p>Bucur\u0103-te de pove\u0219tile \u0219i de locurile idilice ale Ro\u0219iei Montane, sub jovialul ghidaj al unui localnic. Doar p\u0103\u0219ind pe urmele lui Mih\u0103il\u0103 Gritta sau urm\u00e2nd turul Monumentelor Naturale, Turul Istoric sau Turul Satului \u0219i Bisericilor, vei putea cuprinde cu imagina\u021bia fantastica \u00eenc\u0103rc\u0103tur\u0103 pe care o poart\u0103 [&hellip;]<\/p>\n","protected":false},"author":1,"featured_media":4106,"parent":0,"menu_order":0,"comment_status":"open","ping_status":"closed","template":"page-destination.php","meta":{"give_campaign_id":0,"footnotes":""},"class_list":["post-5237","page","type-page","status-publish","has-post-thumbnail","hentry"],"campaignId":"","_links":{"self":[{"href":"https:\/\/www.visitrosiamontana.com\/ro\/wp-json\/wp\/v2\/pages\/5237","targetHints":{"allow":["GET"]}}],"collection":[{"href":"https:\/\/www.visitrosiamontana.com\/ro\/wp-json\/wp\/v2\/pages"}],"about":[{"href":"https:\/\/www.visitrosiamontana.com\/ro\/wp-json\/wp\/v2\/types\/page"}],"author":[{"embeddable":true,"href":"https:\/\/www.visitrosiamontana.com\/ro\/wp-json\/wp\/v2\/users\/1"}],"replies":[{"embeddable":true,"href":"https:\/\/www.visitrosiamontana.com\/ro\/wp-json\/wp\/v2\/comments?post=5237"}],"version-history":[{"count":5,"href":"https:\/\/www.visitrosiamontana.com\/ro\/wp-json\/wp\/v2\/pages\/5237\/revisions"}],"predecessor-version":[{"id":5638,"href":"https:\/\/www.visitrosiamontana.com\/ro\/wp-json\/wp\/v2\/pages\/5237\/revisions\/5638"}],"wp:featuredmedia":[{"embeddable":true,"href":"https:\/\/www.visitrosiamontana.com\/ro\/wp-json\/wp\/v2\/media\/4106"}],"wp:attachment":[{"href":"https:\/\/www.visitrosiamontana.com\/ro\/wp-json\/wp\/v2\/media?parent=5237"}],"curies":[{"name":"wp","href":"https:\/\/api.w.org\/{rel}","templated":true}]}}