{"id":5262,"date":"2017-08-18T18:51:26","date_gmt":"2017-08-18T18:51:26","guid":{"rendered":"http:\/\/www.visitrosiamontana.com\/?page_id=5262"},"modified":"2020-05-06T20:38:53","modified_gmt":"2020-05-06T20:38:53","slug":"contact","status":"publish","type":"page","link":"https:\/\/www.visitrosiamontana.com\/ro\/contact\/","title":{"rendered":"contact"},"content":{"rendered":"<h4>Contacteaz\u0103-ne<\/h4>\n<p>Pentru orice fel de \u00eentreb\u0103ri cu privire la turism (cazare, lucruri de f\u0103cut, ghid turistic) \u00een Ro\u0219ia Montan\u0103, suntem foarte bucuro\u0219i s\u0103 v\u0103 ajut\u0103m.<\/p>\n","protected":false},"excerpt":{"rendered":"<p>Contacteaz\u0103-ne Pentru orice fel de \u00eentreb\u0103ri cu privire la turism (cazare, lucruri de f\u0103cut, ghid turistic) \u00een Ro\u0219ia Montan\u0103, suntem foarte bucuro\u0219i s\u0103 v\u0103 ajut\u0103m.<\/p>\n","protected":false},"author":1,"featured_media":3340,"parent":0,"menu_order":0,"comment_status":"open","ping_status":"open","template":"contact.php","meta":{"give_campaign_id":0,"footnotes":""},"class_list":["post-5262","page","type-page","status-publish","has-post-thumbnail","hentry"],"campaignId":"","_links":{"self":[{"href":"https:\/\/www.visitrosiamontana.com\/ro\/wp-json\/wp\/v2\/pages\/5262","targetHints":{"allow":["GET"]}}],"collection":[{"href":"https:\/\/www.visitrosiamontana.com\/ro\/wp-json\/wp\/v2\/pages"}],"about":[{"href":"https:\/\/www.visitrosiamontana.com\/ro\/wp-json\/wp\/v2\/types\/page"}],"author":[{"embeddable":true,"href":"https:\/\/www.visitrosiamontana.com\/ro\/wp-json\/wp\/v2\/users\/1"}],"replies":[{"embeddable":true,"href":"https:\/\/www.visitrosiamontana.com\/ro\/wp-json\/wp\/v2\/comments?post=5262"}],"version-history":[{"count":3,"href":"https:\/\/www.visitrosiamontana.com\/ro\/wp-json\/wp\/v2\/pages\/5262\/revisions"}],"predecessor-version":[{"id":5330,"href":"https:\/\/www.visitrosiamontana.com\/ro\/wp-json\/wp\/v2\/pages\/5262\/revisions\/5330"}],"wp:featuredmedia":[{"embeddable":true,"href":"https:\/\/www.visitrosiamontana.com\/ro\/wp-json\/wp\/v2\/media\/3340"}],"wp:attachment":[{"href":"https:\/\/www.visitrosiamontana.com\/ro\/wp-json\/wp\/v2\/media?parent=5262"}],"curies":[{"name":"wp","href":"https:\/\/api.w.org\/{rel}","templated":true}]}}