{"id":5385,"date":"2017-08-28T16:55:53","date_gmt":"2017-08-28T16:55:53","guid":{"rendered":"http:\/\/www.visitrosiamontana.com\/?page_id=5385"},"modified":"2026-04-18T10:14:05","modified_gmt":"2026-04-18T10:14:05","slug":"echipa-2","status":"publish","type":"page","link":"https:\/\/www.visitrosiamontana.com\/ro\/povestea\/","title":{"rendered":"Povestea Visit Ro\u0219ia Montan\u0103"},"content":{"rendered":"<p data-path-to-node=\"2\"><b data-path-to-node=\"2\" data-index-in-node=\"0\">Visit Ro\u0219ia Montan\u0103<\/b> a ap\u0103rut din dragoste pentru acest loc \u0219i din dorin\u021ba de a-i face povestea cunoscut\u0103. Suntem o platform\u0103 crescut\u0103 cu drag sub umbrela <a class=\"ng-star-inserted\" href=\"https:\/\/madeinrosiamontana.com\" target=\"_blank\" rel=\"noopener\" data-hveid=\"0\" data-ved=\"0CAAQ_4QMahgKEwiC8MK5tPWTAxUAAAAAHQAAAAAQxQM\">Made in Ro\u0219ia Montan\u0103<\/a>, al\u0103turi de prietenii de la <a class=\"ng-star-inserted\" href=\"https:\/\/facebook.com\/bistrorosiamontana\" target=\"_blank\" rel=\"noopener\" data-hveid=\"0\" data-ved=\"0CAAQ_4QMahgKEwiC8MK5tPWTAxUAAAAAHQAAAAAQxgM\">Bistro Ro\u0219ia Montan\u0103<\/a>.<\/p>\n<p data-path-to-node=\"3\">Ce facem mai exact? \u00cencerc\u0103m s\u0103 d\u0103m via\u021b\u0103 acestui sit <b data-path-to-node=\"3\" data-index-in-node=\"54\">UNESCO<\/b> prin experien\u021be care s\u0103-\u021bi r\u0103m\u00e2n\u0103 \u00een suflet: drume\u021bii pe dealuri, tururi ghidate \u0219i evenimente care adun\u0103 oamenii \u00eempreun\u0103. Visul nostru e simplu: vrem ca \u00een fiecare weekend s\u0103 se \u00eent\u00e2mple ceva fain \u00een Ro\u0219ia, astfel \u00eenc\u00e2t s\u0103 ai mereu un motiv bun s\u0103 ne treci pragul, s\u0103 explorezi natura \u0219i s\u0103 te bucuri de patrimoniul nostru unic.<\/p>\n","protected":false},"excerpt":{"rendered":"<p>Visit Ro\u0219ia Montan\u0103 a ap\u0103rut din dragoste pentru acest loc \u0219i din dorin\u021ba de a-i face povestea cunoscut\u0103. Suntem o platform\u0103 crescut\u0103 cu drag sub umbrela Made in Ro\u0219ia Montan\u0103, al\u0103turi de prietenii de la Bistro Ro\u0219ia Montan\u0103. Ce facem mai exact? \u00cencerc\u0103m s\u0103 d\u0103m via\u021b\u0103 [&hellip;]<\/p>\n","protected":false},"author":1,"featured_media":5129,"parent":0,"menu_order":0,"comment_status":"open","ping_status":"closed","template":"page_f.php","meta":{"give_campaign_id":0,"footnotes":""},"class_list":["post-5385","page","type-page","status-publish","has-post-thumbnail","hentry"],"campaignId":"","_links":{"self":[{"href":"https:\/\/www.visitrosiamontana.com\/ro\/wp-json\/wp\/v2\/pages\/5385","targetHints":{"allow":["GET"]}}],"collection":[{"href":"https:\/\/www.visitrosiamontana.com\/ro\/wp-json\/wp\/v2\/pages"}],"about":[{"href":"https:\/\/www.visitrosiamontana.com\/ro\/wp-json\/wp\/v2\/types\/page"}],"author":[{"embeddable":true,"href":"https:\/\/www.visitrosiamontana.com\/ro\/wp-json\/wp\/v2\/users\/1"}],"replies":[{"embeddable":true,"href":"https:\/\/www.visitrosiamontana.com\/ro\/wp-json\/wp\/v2\/comments?post=5385"}],"version-history":[{"count":46,"href":"https:\/\/www.visitrosiamontana.com\/ro\/wp-json\/wp\/v2\/pages\/5385\/revisions"}],"predecessor-version":[{"id":5937,"href":"https:\/\/www.visitrosiamontana.com\/ro\/wp-json\/wp\/v2\/pages\/5385\/revisions\/5937"}],"wp:featuredmedia":[{"embeddable":true,"href":"https:\/\/www.visitrosiamontana.com\/ro\/wp-json\/wp\/v2\/media\/5129"}],"wp:attachment":[{"href":"https:\/\/www.visitrosiamontana.com\/ro\/wp-json\/wp\/v2\/media?parent=5385"}],"curies":[{"name":"wp","href":"https:\/\/api.w.org\/{rel}","templated":true}]}}