{"id":5435,"date":"2017-08-28T19:31:32","date_gmt":"2017-08-28T19:31:32","guid":{"rendered":"http:\/\/www.visitrosiamontana.com\/?page_id=5435"},"modified":"2017-08-28T19:55:41","modified_gmt":"2017-08-28T19:55:41","slug":"terms","status":"publish","type":"page","link":"https:\/\/www.visitrosiamontana.com\/ro\/terms\/","title":{"rendered":"Termeni \u0219i condi\u021bii"},"content":{"rendered":"<p>Ne vom\u00a0asigura \u00een orice moment pentru ca tu s\u0103 fii \u00een siguran\u021b\u0103 pe toat\u0103 durata tururilor ghidate, dar tu e\u0219ti responsabil pentru ac\u021biunile tale. Nu suntem responsabili \u00een caz c\u0103 te accidentezi, \u00een caz c\u0103 pierzi un bun sau pentru alte probleme din timpul tururilor ghidate. C\u00e2nd confirmi rezervarea unui tur ghidat vei primi un e-mail \u00een care \u00ee\u021bi amintim acest aspect, iar prezen\u021ba ta \u00een tur \u00eenseamn\u0103 c\u0103 tu \u0219i \u00eempreun\u0103 cu ceilal\u021bi din grupul t\u0103u, a\u021bi citit, a\u021bi \u00een\u021beles \u0219i a\u021bi fost de acord cu ace\u0219ti termeni \u0219i condi\u021bii.<\/p>\n<p><strong>Visit Ro\u0219ia Montan\u0103<\/strong> a ales s\u0103 func\u021bioneze folosind principiul\u00a0<em>Economiei Darului<\/em>, deoarece activit\u0103\u021bile \u0219i evenimentele oferite, prin bucuria \u0219i entuziasmul pe care le produc, au o valoare pe care noi nu putem s\u0103 o m\u0103sur\u0103m exact. Astfel, participan\u021bii sunt liberi s\u0103 evalueze valoarea acestora pentru ei \u00een\u0219i\u0219i \u0219i s\u0103 contribuie la Visit Ro\u0219ia Montan\u0103 cu suma pe care consider\u0103 c\u0103 o merit\u0103 activit\u0103\u021bile desf\u0103\u0219urate de noi.<\/p>\n","protected":false},"excerpt":{"rendered":"<p>Ne vom\u00a0asigura \u00een orice moment pentru ca tu s\u0103 fii \u00een siguran\u021b\u0103 pe toat\u0103 durata tururilor ghidate, dar tu e\u0219ti responsabil pentru ac\u021biunile tale. Nu suntem responsabili \u00een caz c\u0103 te accidentezi, \u00een caz c\u0103 pierzi un bun sau pentru alte probleme din timpul tururilor ghidate. [&hellip;]<\/p>\n","protected":false},"author":1,"featured_media":0,"parent":0,"menu_order":0,"comment_status":"open","ping_status":"closed","template":"page_f.php","meta":{"give_campaign_id":0,"footnotes":""},"class_list":["post-5435","page","type-page","status-publish","hentry"],"campaignId":"","_links":{"self":[{"href":"https:\/\/www.visitrosiamontana.com\/ro\/wp-json\/wp\/v2\/pages\/5435","targetHints":{"allow":["GET"]}}],"collection":[{"href":"https:\/\/www.visitrosiamontana.com\/ro\/wp-json\/wp\/v2\/pages"}],"about":[{"href":"https:\/\/www.visitrosiamontana.com\/ro\/wp-json\/wp\/v2\/types\/page"}],"author":[{"embeddable":true,"href":"https:\/\/www.visitrosiamontana.com\/ro\/wp-json\/wp\/v2\/users\/1"}],"replies":[{"embeddable":true,"href":"https:\/\/www.visitrosiamontana.com\/ro\/wp-json\/wp\/v2\/comments?post=5435"}],"version-history":[{"count":5,"href":"https:\/\/www.visitrosiamontana.com\/ro\/wp-json\/wp\/v2\/pages\/5435\/revisions"}],"predecessor-version":[{"id":5440,"href":"https:\/\/www.visitrosiamontana.com\/ro\/wp-json\/wp\/v2\/pages\/5435\/revisions\/5440"}],"wp:attachment":[{"href":"https:\/\/www.visitrosiamontana.com\/ro\/wp-json\/wp\/v2\/media?parent=5435"}],"curies":[{"name":"wp","href":"https:\/\/api.w.org\/{rel}","templated":true}]}}