{"id":5610,"date":"2019-07-02T21:37:31","date_gmt":"2019-07-02T21:37:31","guid":{"rendered":"http:\/\/www.visitrosiamontana.com\/?page_id=5610"},"modified":"2021-08-29T19:42:49","modified_gmt":"2021-08-29T19:42:49","slug":"inchiriaza-ghid-local","status":"publish","type":"page","link":"https:\/\/www.visitrosiamontana.com\/ro\/inchiriaza-ghid-local\/","title":{"rendered":"\u00cenchiriaz\u0103 ghid local"},"content":{"rendered":"<div class=\"one withsmallpadding \" >\n<div class=\"page_content_wrapper\">\n<div style=\"text-align:center\">\n<h2 class=\"ppb_title\">Ascult\u0103 povestea Ro\u015fiei Montane <\/h2>\n<div class=\"page_caption_desc\"><\/div>\n<\/div>\n<div style=\"text-align:center\">\nAlege un ghid care s\u0103 dea glas istoriei locale, care s\u0103-\u0163i dezv\u0103luie pas cu pas adev\u0103ratele comori ale Ro\u015fiei Montane. Alege s\u0103 auzi o poveste \u015fuierat\u0103 prin v\u00e2nt, printre brazi, pe malul lacului T\u0103ul Brazi. <\/p>\n<p>Prive\u015fte panorama Ro\u015fiei Montane din Turnul bisericii Unitariene, ascult\u0103 vocea ghidului, iar astfel prin fa\u0163a ochilor \u0163i se vor derula evenimentele pline de farmec \u015fi fast, a\u015fa cum numai aurarii de alt\u0103dat\u0103 \u015ftiau s\u0103 le fac\u0103. <\/p>\n<\/div>\n<\/div>\n<\/div>\n<div class=\"one withsmallpadding \" style=\"background-color:#f6f5f5;font-size:14px;\" >\n<div class=\"page_content_wrapper\">\n<p><span class=\"dashicons dashicons-location\"><\/span> <b>Loc de \u00eent\u00e2lnire<\/b><br \/>\n\u00cen Centrul Istoric. Vei remarca ghidul local dup\u0103 inscrip\u021bia de pe echipament.<br \/>\n<span class=\"dashicons dashicons-clock\"><\/span> <b>Durat\u0103<\/b><br \/>\n\u00centre 60 \u0219i 90 minute.<br \/>\n<span class=\"dashicons dashicons-groups\"><\/span> <b>Pentru cine?<\/b><br \/>\nC\u0103l\u0103tori independen\u021bi, grupuri mici \u0219i mari.<br \/>\n<span class=\"dashicons dashicons-money-alt\"><\/span> <b>Pre\u021b<\/b><br \/>\nTurul este gratuit. <u>Dona\u021biile sunt apreciate<\/u>.<br \/>\n<span class=\"dashicons dashicons-phone\"><\/span> <b>Rezervare<\/b><br \/>\nRezervarea este necesar\u0103 cu cel pu\u021bin 30 minute \u00eenainte de ora dorit\u0103.<\/p>\n<\/div>\n<\/div>\n<div class=\"one withsmallpadding \" style=\"background-color:#f90909;color:#ffffff;font-size:20px;\" >\n<div class=\"page_content_wrapper\">\n<p><b>\u00cenchiriaz\u0103 acum<\/b><br \/>\n<span class=\"dashicons dashicons-phone\"><\/span> +40 741 974 127 Cristi<br \/>\n<span class=\"dashicons dashicons-phone\"><\/span> +40 721 771 354 Tic\u0103<br \/>\n<span class=\"dashicons dashicons-email\"><\/span> info@visitrosiamontana.com<\/p>\n<\/div>\n<\/div>\n","protected":false},"excerpt":{"rendered":"<p>Ascult\u0103 povestea Ro\u015fiei Montane Alege un ghid care s\u0103 dea glas istoriei locale, care s\u0103-\u0163i dezv\u0103luie pas cu pas adev\u0103ratele comori ale Ro\u015fiei Montane. Alege s\u0103 auzi o poveste \u015fuierat\u0103 prin v\u00e2nt, printre brazi, pe malul lacului T\u0103ul Brazi. Prive\u015fte panorama Ro\u015fiei Montane din Turnul bisericii [&hellip;]<\/p>\n","protected":false},"author":1,"featured_media":0,"parent":0,"menu_order":0,"comment_status":"open","ping_status":"closed","template":"page_f.php","meta":{"give_campaign_id":0,"footnotes":""},"class_list":["post-5610","page","type-page","status-publish","hentry"],"campaignId":"","_links":{"self":[{"href":"https:\/\/www.visitrosiamontana.com\/ro\/wp-json\/wp\/v2\/pages\/5610","targetHints":{"allow":["GET"]}}],"collection":[{"href":"https:\/\/www.visitrosiamontana.com\/ro\/wp-json\/wp\/v2\/pages"}],"about":[{"href":"https:\/\/www.visitrosiamontana.com\/ro\/wp-json\/wp\/v2\/types\/page"}],"author":[{"embeddable":true,"href":"https:\/\/www.visitrosiamontana.com\/ro\/wp-json\/wp\/v2\/users\/1"}],"replies":[{"embeddable":true,"href":"https:\/\/www.visitrosiamontana.com\/ro\/wp-json\/wp\/v2\/comments?post=5610"}],"version-history":[{"count":14,"href":"https:\/\/www.visitrosiamontana.com\/ro\/wp-json\/wp\/v2\/pages\/5610\/revisions"}],"predecessor-version":[{"id":5873,"href":"https:\/\/www.visitrosiamontana.com\/ro\/wp-json\/wp\/v2\/pages\/5610\/revisions\/5873"}],"wp:attachment":[{"href":"https:\/\/www.visitrosiamontana.com\/ro\/wp-json\/wp\/v2\/media?parent=5610"}],"curies":[{"name":"wp","href":"https:\/\/api.w.org\/{rel}","templated":true}]}}