{"id":5992,"date":"2025-07-03T17:27:36","date_gmt":"2025-07-03T17:27:36","guid":{"rendered":"https:\/\/www.visitrosiamontana.com\/eat-local\/"},"modified":"2026-04-18T16:14:39","modified_gmt":"2026-04-18T16:14:39","slug":"eat-local","status":"publish","type":"page","link":"https:\/\/www.visitrosiamontana.com\/ro\/eat-local\/","title":{"rendered":"M\u00e2ncare"},"content":{"rendered":"<div class=\"one withsmallpadding \" >\n<div class=\"page_content_wrapper\">\n<div style=\"text-align:center\">\n<h2 class=\"ppb_title\">Bistro Ro\u0219ia Montan\u0103: Refugiul t\u0103u \u00een Centrul Istoric<\/h2>\n<div class=\"page_caption_desc\"><\/div>\n<\/div>\n<div style=\"text-align:center\">\nSituat \u00een inima istoric\u0103 a Ro\u0219iei Montane, bistroul nostru este o oaz\u0103 de lini\u0219te, un loc unde te po\u021bi relaxa \u0219i bucura de o experien\u021b\u0103 autentic\u0103. Te \u00eent\u00e2mpin\u0103m \u00eentr-o atmosfer\u0103 cald\u0103 \u0219i primitoare, cu un design rustic-chic ce onoreaz\u0103 spiritul locului. Aici te po\u021bi bucura de o experien\u021b\u0103 des\u0103v\u00e2r\u0219it\u0103, \u00eentr-un cadru creat pentru a completa perfect farmecul unic al zonei.<\/p>\n<p>Fie c\u0103 e\u0219ti \u00een c\u0103utarea unui pr\u00e2nz relaxant dup\u0103 explorarea galeriilor romane sau a unei seri memorabile al\u0103turi de cei dragi, Bistro Ro\u0219ia Montan\u0103 este oprirea ideal\u0103.<\/p>\n<p>Te a\u0219tept\u0103m cu drag! <\/p>\n<\/div>\n<\/div>\n<\/div>\n<div class=\"one withsmallpadding \" style=\"background-color:#f6f5f5;font-size:14px;\" >\n<div class=\"page_content_wrapper\">\n<p><span class=\"dashicons dashicons-location\"><\/span> <b>Adresa<\/b><br \/>\nCentrul Istoric<br \/>\nStr. Principal\u0103, Nr. 324, Ro\u0219ia Montan\u0103.<br \/>\n<\/br><br \/>\n<span class=\"dashicons dashicons-clock\"><\/span> <b>Orar<\/b><br \/>\nLuni\t11\u202fam\u20138\u202fpm<br \/>\nMar\u021bi\t11\u202fam\u20138\u202fpm<br \/>\nMiercuri\t11\u202fam\u20138\u202fpm<br \/>\nJoi\t11\u202fam\u20138\u202fpm<br \/>\nVineri\t11\u202fam\u20138\u202fpm<br \/>\nS\u00e2mb\u0103t\u0103\t10\u202fam\u20138\u202fpm<br \/>\nDuminic\u0103\t10\u202fam\u20138\u202fpm<\/p>\n<\/div>\n<\/div>\n<div class=\"one withsmallpadding \" style=\"background-color:#f90909;color:#ffffff;font-size:20px;\" >\n<div class=\"page_content_wrapper\">\n<p><b>Rezerv\u0103 acum<\/b><br \/>\n<span class=\"dashicons dashicons-phone\"><\/span> +40 721 771 354 Tic\u0103 Darie<br \/>\n<span class=\"dashicons dashicons-email\"><\/span> bistrorosiamontana @ gmail.com<\/p>\n<\/div>\n<\/div>\n","protected":false},"excerpt":{"rendered":"<p>Bistro Ro\u0219ia Montan\u0103: Refugiul t\u0103u \u00een Centrul Istoric Situat \u00een inima istoric\u0103 a Ro\u0219iei Montane, bistroul nostru este o oaz\u0103 de lini\u0219te, un loc unde te po\u021bi relaxa \u0219i bucura de o experien\u021b\u0103 autentic\u0103. Te \u00eent\u00e2mpin\u0103m \u00eentr-o atmosfer\u0103 cald\u0103 \u0219i primitoare, cu un design rustic-chic ce [&hellip;]<\/p>\n","protected":false},"author":1,"featured_media":0,"parent":0,"menu_order":0,"comment_status":"open","ping_status":"closed","template":"page_f.php","meta":{"give_campaign_id":0,"footnotes":""},"class_list":["post-5992","page","type-page","status-publish","hentry"],"campaignId":"","_links":{"self":[{"href":"https:\/\/www.visitrosiamontana.com\/ro\/wp-json\/wp\/v2\/pages\/5992","targetHints":{"allow":["GET"]}}],"collection":[{"href":"https:\/\/www.visitrosiamontana.com\/ro\/wp-json\/wp\/v2\/pages"}],"about":[{"href":"https:\/\/www.visitrosiamontana.com\/ro\/wp-json\/wp\/v2\/types\/page"}],"author":[{"embeddable":true,"href":"https:\/\/www.visitrosiamontana.com\/ro\/wp-json\/wp\/v2\/users\/1"}],"replies":[{"embeddable":true,"href":"https:\/\/www.visitrosiamontana.com\/ro\/wp-json\/wp\/v2\/comments?post=5992"}],"version-history":[{"count":3,"href":"https:\/\/www.visitrosiamontana.com\/ro\/wp-json\/wp\/v2\/pages\/5992\/revisions"}],"predecessor-version":[{"id":6003,"href":"https:\/\/www.visitrosiamontana.com\/ro\/wp-json\/wp\/v2\/pages\/5992\/revisions\/6003"}],"wp:attachment":[{"href":"https:\/\/www.visitrosiamontana.com\/ro\/wp-json\/wp\/v2\/media?parent=5992"}],"curies":[{"name":"wp","href":"https:\/\/api.w.org\/{rel}","templated":true}]}}